{"id":23,"date":"2026-03-29T08:50:55","date_gmt":"2026-03-29T06:50:55","guid":{"rendered":"http:\/\/229.wordpressalk.pl\/?page_id=23"},"modified":"2026-04-25T13:23:03","modified_gmt":"2026-04-25T11:23:03","slug":"kontakt","status":"publish","type":"page","link":"https:\/\/229.wordpressalk.pl\/index.php\/kontakt\/","title":{"rendered":"Kontakt"},"content":{"rendered":"\n<h2 class=\"wp-block-heading\">Porozmawiajmy o Twoim blasku &#8211; kontakt<\/h2>\n\n\n\n<p>Jeste\u015bmy tu dla Ciebie i Twoich wyj\u0105tkowych chwil. W Aura Bijou wierzymy, \u017ce ka\u017cda relacja \u2013 tak jak nasza bi\u017cuteria \u2013 opiera si\u0119 na blisko\u015bci, zaufaniu i autentyczno\u015bci. Masz pytania dotycz\u0105ce swojego zam\u00f3wienia, potrzebujesz porady w wyborze idealnego prezentu, a mo\u017ce chcesz dowiedzie\u0107 si\u0119, jak najlepiej dba\u0107 o swoje ulubione dodatki? Kontakt z nami to rozwi\u0105zanie. <\/p>\n\n\n\n<p><strong>Napisz do nas lub zadzwo\u0144.<\/strong> Z rado\u015bci\u0105 odpowiemy na ka\u017cd\u0105 wiadomo\u015b\u0107, bo Tw\u00f3j komfort i rado\u015b\u0107 z noszenia naszych projekt\u00f3w s\u0105 dla nas najwa\u017cniejsze. Ka\u017cdy Tw\u00f3j sygna\u0142 to dla nas szansa, by sta\u0107 si\u0119 cz\u0119\u015bci\u0105 Twojej historii. Sprawd\u017a te\u017c na <a href=\"http:\/\/229.wordpressalk.pl\/index.php\/blog\/\">blogu<\/a>, czy nie odpowiadali\u015bmy ju\u017c na Twoje pytania. <\/p>\n\n\n\n<h3 class=\"wp-block-heading\">Kontakt do nas:<\/h3>\n\n\n\n<ul class=\"wp-block-list\">\n<li><strong>E-mail:<\/strong> abc@xyz.pl (odpowiadamy zazwyczaj w ci\u0105gu 24h)<\/li>\n\n\n\n<li><strong>Telefon:<\/strong> 666-666-666 (jeste\u015bmy dost\u0119pni w godz. 9:00 \u2013 17:00)<\/li>\n\n\n\n<li><strong>Social Media:<\/strong> Znajdziesz nas r\u00f3wnie\u017c na Instagramie i Facebooku \u2013 tam te\u017c mo\u017cemy porozmawia\u0107!<\/li>\n<\/ul>\n\n\n\n<p><a href=\"http:\/\/229.wordpressalk.pl\/\">Czekamy na Ciebie<\/a>. Nie wahaj si\u0119 pyta\u0107 o cokolwiek \u2013 jeste\u015bmy tu, by wsp\u00f3lnie z Tob\u0105 celebrowa\u0107 Twoje znaki rozpoznawcze.<\/p>\n\n\n\n<figure class=\"wp-block-image size-large\"><img fetchpriority=\"high\" width=\"1024\" height=\"1001\" src=\"http:\/\/229.wordpressalk.pl\/wp-content\/uploads\/2026\/03\/Bez-nazwy-1-1024x1001.png\" alt=\"\" class=\"wp-image-35\" srcset=\"https:\/\/229.wordpressalk.pl\/wp-content\/uploads\/2026\/03\/Bez-nazwy-1-1024x1001.png 1024w, https:\/\/229.wordpressalk.pl\/wp-content\/uploads\/2026\/03\/Bez-nazwy-1-scaled-600x587.png 600w, https:\/\/229.wordpressalk.pl\/wp-content\/uploads\/2026\/03\/Bez-nazwy-1-300x293.png 300w, https:\/\/229.wordpressalk.pl\/wp-content\/uploads\/2026\/03\/Bez-nazwy-1-768x751.png 768w, https:\/\/229.wordpressalk.pl\/wp-content\/uploads\/2026\/03\/Bez-nazwy-1-1536x1502.png 1536w, https:\/\/229.wordpressalk.pl\/wp-content\/uploads\/2026\/03\/Bez-nazwy-1-2048x2003.png 2048w, https:\/\/229.wordpressalk.pl\/wp-content\/uploads\/2026\/03\/Bez-nazwy-1-1568x1533.png 1568w\" sizes=\"(max-width: 1024px) 100vw, 1024px\" \/><\/figure>\n\n\n\n<div class=\"wpcf7 no-js\" id=\"wpcf7-f99-o1\" lang=\"pl-PL\" dir=\"ltr\" data-wpcf7-id=\"99\">\n<div class=\"screen-reader-response\"><p role=\"status\" aria-live=\"polite\" aria-atomic=\"true\"><\/p> <ul><\/ul><\/div>\n<form action=\"\/index.php\/wp-json\/wp\/v2\/pages\/23#wpcf7-f99-o1\" method=\"post\" class=\"wpcf7-form init\" aria-label=\"Formularz kontaktowy\" novalidate=\"novalidate\" data-status=\"init\">\n<fieldset class=\"hidden-fields-container\"><input type=\"hidden\" name=\"_wpcf7\" value=\"99\" \/><input type=\"hidden\" name=\"_wpcf7_version\" value=\"6.1.5\" \/><input type=\"hidden\" name=\"_wpcf7_locale\" value=\"pl_PL\" \/><input type=\"hidden\" name=\"_wpcf7_unit_tag\" value=\"wpcf7-f99-o1\" \/><input type=\"hidden\" name=\"_wpcf7_container_post\" value=\"0\" \/><input type=\"hidden\" name=\"_wpcf7_posted_data_hash\" value=\"\" \/>\n<\/fieldset>\n<p><label> Twoje imi\u0119 i nazwisko<br \/>\n<span class=\"wpcf7-form-control-wrap\" data-name=\"your-name\"><input size=\"40\" maxlength=\"400\" class=\"wpcf7-form-control wpcf7-text wpcf7-validates-as-required\" autocomplete=\"name\" aria-required=\"true\" aria-invalid=\"false\" value=\"\" type=\"text\" name=\"your-name\" \/><\/span> <\/label>\n<\/p>\n<p><label> Tw\u00f3j adres e-mail<br \/>\n<span class=\"wpcf7-form-control-wrap\" data-name=\"your-email\"><input size=\"40\" maxlength=\"400\" class=\"wpcf7-form-control wpcf7-email wpcf7-validates-as-required wpcf7-text wpcf7-validates-as-email\" autocomplete=\"email\" aria-required=\"true\" aria-invalid=\"false\" value=\"\" type=\"email\" name=\"your-email\" \/><\/span> <\/label>\n<\/p>\n<p><label> Temat<br \/>\n<span class=\"wpcf7-form-control-wrap\" data-name=\"your-subject\"><input size=\"40\" maxlength=\"400\" class=\"wpcf7-form-control wpcf7-text wpcf7-validates-as-required\" aria-required=\"true\" aria-invalid=\"false\" value=\"\" type=\"text\" name=\"your-subject\" \/><\/span> <\/label>\n<\/p>\n<p><label> Twoja wiadomo\u015bci (opcjonalne)<br \/>\n<span class=\"wpcf7-form-control-wrap\" data-name=\"your-message\"><textarea cols=\"40\" rows=\"10\" maxlength=\"2000\" class=\"wpcf7-form-control wpcf7-textarea\" aria-invalid=\"false\" name=\"your-message\"><\/textarea><\/span> <\/label>\n<\/p>\n<p><input class=\"wpcf7-form-control wpcf7-submit has-spinner\" type=\"submit\" value=\"Wy\u015blij\" \/>\n<\/p><div class=\"wpcf7-response-output\" aria-hidden=\"true\"><\/div>\n<\/form>\n<\/div>\n\n\n\n\n<p><\/p>\n","protected":false},"excerpt":{"rendered":"<p>Porozmawiajmy o Twoim blasku &#8211; kontakt Jeste\u015bmy tu dla Ciebie i Twoich wyj\u0105tkowych chwil. W Aura Bijou wierzymy, \u017ce ka\u017cda relacja \u2013 tak jak nasza bi\u017cuteria \u2013 opiera si\u0119 na blisko\u015bci, zaufaniu i autentyczno\u015bci. Masz pytania dotycz\u0105ce swojego zam\u00f3wienia, potrzebujesz porady w wyborze idealnego prezentu, a mo\u017ce chcesz dowiedzie\u0107 si\u0119, jak najlepiej dba\u0107 o swoje [&hellip;]<\/p>\n","protected":false},"author":1,"featured_media":0,"parent":0,"menu_order":0,"comment_status":"closed","ping_status":"closed","template":"","meta":{"site-sidebar-layout":"default","site-content-layout":"","ast-site-content-layout":"default","site-content-style":"default","site-sidebar-style":"default","ast-global-header-display":"","ast-banner-title-visibility":"","ast-main-header-display":"","ast-hfb-above-header-display":"","ast-hfb-below-header-display":"","ast-hfb-mobile-header-display":"","site-post-title":"","ast-breadcrumbs-content":"","ast-featured-img":"","footer-sml-layout":"","ast-disable-related-posts":"","theme-transparent-header-meta":"","adv-header-id-meta":"","stick-header-meta":"","header-above-stick-meta":"","header-main-stick-meta":"","header-below-stick-meta":"","astra-migrate-meta-layouts":"default","ast-page-background-enabled":"default","ast-page-background-meta":{"desktop":{"background-color":"var(--ast-global-color-5)","background-image":"","background-repeat":"repeat","background-position":"center center","background-size":"auto","background-attachment":"scroll","background-type":"","background-media":"","overlay-type":"","overlay-color":"","overlay-opacity":"","overlay-gradient":""},"tablet":{"background-color":"","background-image":"","background-repeat":"repeat","background-position":"center center","background-size":"auto","background-attachment":"scroll","background-type":"","background-media":"","overlay-type":"","overlay-color":"","overlay-opacity":"","overlay-gradient":""},"mobile":{"background-color":"","background-image":"","background-repeat":"repeat","background-position":"center center","background-size":"auto","background-attachment":"scroll","background-type":"","background-media":"","overlay-type":"","overlay-color":"","overlay-opacity":"","overlay-gradient":""}},"ast-content-background-meta":{"desktop":{"background-color":"var(--ast-global-color-4)","background-image":"","background-repeat":"repeat","background-position":"center center","background-size":"auto","background-attachment":"scroll","background-type":"","background-media":"","overlay-type":"","overlay-color":"","overlay-opacity":"","overlay-gradient":""},"tablet":{"background-color":"var(--ast-global-color-4)","background-image":"","background-repeat":"repeat","background-position":"center center","background-size":"auto","background-attachment":"scroll","background-type":"","background-media":"","overlay-type":"","overlay-color":"","overlay-opacity":"","overlay-gradient":""},"mobile":{"background-color":"var(--ast-global-color-4)","background-image":"","background-repeat":"repeat","background-position":"center center","background-size":"auto","background-attachment":"scroll","background-type":"","background-media":"","overlay-type":"","overlay-color":"","overlay-opacity":"","overlay-gradient":""}},"footnotes":""},"class_list":["post-23","page","type-page","status-publish","hentry"],"yoast_head":"<!-- This site is optimized with the Yoast SEO plugin v27.2 - https:\/\/yoast.com\/product\/yoast-seo-wordpress\/ -->\n<title>Kontakt - Aura Bijou<\/title>\n<meta name=\"description\" content=\"Skontaktuj si\u0119 z nami za pomoc\u0105 zak\u0142adki KONTAKT i stw\u00f3rz z nasz\u0105 pomoc\u0105 swoj\u0105 wymarzon\u0105 bi\u017cuteri\u0119 spersonalizowan\u0105 pod swoje potrzeby.\" \/>\n<meta name=\"robots\" content=\"index, follow, max-snippet:-1, max-image-preview:large, max-video-preview:-1\" \/>\n<link rel=\"canonical\" href=\"https:\/\/229.wordpressalk.pl\/index.php\/kontakt\/\" \/>\n<meta property=\"og:locale\" content=\"pl_PL\" \/>\n<meta property=\"og:type\" content=\"article\" \/>\n<meta property=\"og:title\" content=\"Kontakt - Aura Bijou\" \/>\n<meta property=\"og:description\" content=\"Skontaktuj si\u0119 z nami za pomoc\u0105 zak\u0142adki KONTAKT i stw\u00f3rz z nasz\u0105 pomoc\u0105 swoj\u0105 wymarzon\u0105 bi\u017cuteri\u0119 spersonalizowan\u0105 pod swoje potrzeby.\" \/>\n<meta property=\"og:url\" content=\"https:\/\/229.wordpressalk.pl\/index.php\/kontakt\/\" \/>\n<meta property=\"og:site_name\" content=\"Aura Bijou\" \/>\n<meta property=\"article:modified_time\" content=\"2026-04-25T11:23:03+00:00\" \/>\n<meta property=\"og:image\" content=\"http:\/\/229.wordpressalk.pl\/wp-content\/uploads\/2026\/03\/Bez-nazwy-1-1024x1001.png\" \/>\n<meta name=\"twitter:card\" content=\"summary_large_image\" \/>\n<meta name=\"twitter:label1\" content=\"Szacowany czas czytania\" \/>\n\t<meta name=\"twitter:data1\" content=\"2 minuty\" \/>\n<script type=\"application\/ld+json\" class=\"yoast-schema-graph\">{\"@context\":\"https:\/\/schema.org\",\"@graph\":[{\"@type\":\"WebPage\",\"@id\":\"https:\/\/229.wordpressalk.pl\/index.php\/kontakt\/\",\"url\":\"https:\/\/229.wordpressalk.pl\/index.php\/kontakt\/\",\"name\":\"Kontakt - Aura Bijou\",\"isPartOf\":{\"@id\":\"https:\/\/229.wordpressalk.pl\/#website\"},\"primaryImageOfPage\":{\"@id\":\"https:\/\/229.wordpressalk.pl\/index.php\/kontakt\/#primaryimage\"},\"image\":{\"@id\":\"https:\/\/229.wordpressalk.pl\/index.php\/kontakt\/#primaryimage\"},\"thumbnailUrl\":\"http:\/\/229.wordpressalk.pl\/wp-content\/uploads\/2026\/03\/Bez-nazwy-1-1024x1001.png\",\"datePublished\":\"2026-03-29T06:50:55+00:00\",\"dateModified\":\"2026-04-25T11:23:03+00:00\",\"description\":\"Skontaktuj si\u0119 z nami za pomoc\u0105 zak\u0142adki KONTAKT i stw\u00f3rz z nasz\u0105 pomoc\u0105 swoj\u0105 wymarzon\u0105 bi\u017cuteri\u0119 spersonalizowan\u0105 pod swoje potrzeby.\",\"breadcrumb\":{\"@id\":\"https:\/\/229.wordpressalk.pl\/index.php\/kontakt\/#breadcrumb\"},\"inLanguage\":\"pl-PL\",\"potentialAction\":[{\"@type\":\"ReadAction\",\"target\":[\"https:\/\/229.wordpressalk.pl\/index.php\/kontakt\/\"]}]},{\"@type\":\"ImageObject\",\"inLanguage\":\"pl-PL\",\"@id\":\"https:\/\/229.wordpressalk.pl\/index.php\/kontakt\/#primaryimage\",\"url\":\"https:\/\/229.wordpressalk.pl\/wp-content\/uploads\/2026\/03\/Bez-nazwy-1-scaled.png\",\"contentUrl\":\"https:\/\/229.wordpressalk.pl\/wp-content\/uploads\/2026\/03\/Bez-nazwy-1-scaled.png\",\"width\":2560,\"height\":2504},{\"@type\":\"BreadcrumbList\",\"@id\":\"https:\/\/229.wordpressalk.pl\/index.php\/kontakt\/#breadcrumb\",\"itemListElement\":[{\"@type\":\"ListItem\",\"position\":1,\"name\":\"Strona g\u0142\u00f3wna\",\"item\":\"https:\/\/229.wordpressalk.pl\/\"},{\"@type\":\"ListItem\",\"position\":2,\"name\":\"Kontakt\"}]},{\"@type\":\"WebSite\",\"@id\":\"https:\/\/229.wordpressalk.pl\/#website\",\"url\":\"https:\/\/229.wordpressalk.pl\/\",\"name\":\"Aura Bijou\",\"description\":\"Tw\u00f3j ulubiony sklep z bi\u017cuteri\u0105\",\"publisher\":{\"@id\":\"https:\/\/229.wordpressalk.pl\/#organization\"},\"potentialAction\":[{\"@type\":\"SearchAction\",\"target\":{\"@type\":\"EntryPoint\",\"urlTemplate\":\"https:\/\/229.wordpressalk.pl\/?s={search_term_string}\"},\"query-input\":{\"@type\":\"PropertyValueSpecification\",\"valueRequired\":true,\"valueName\":\"search_term_string\"}}],\"inLanguage\":\"pl-PL\"},{\"@type\":\"Organization\",\"@id\":\"https:\/\/229.wordpressalk.pl\/#organization\",\"name\":\"Aura Bijou\",\"url\":\"https:\/\/229.wordpressalk.pl\/\",\"logo\":{\"@type\":\"ImageObject\",\"inLanguage\":\"pl-PL\",\"@id\":\"https:\/\/229.wordpressalk.pl\/#\/schema\/logo\/image\/\",\"url\":\"https:\/\/229.wordpressalk.pl\/wp-content\/uploads\/2026\/04\/cropped-Zrzut-ekranu-2025-01-29-124325.png\",\"contentUrl\":\"https:\/\/229.wordpressalk.pl\/wp-content\/uploads\/2026\/04\/cropped-Zrzut-ekranu-2025-01-29-124325.png\",\"width\":541,\"height\":263,\"caption\":\"Aura Bijou\"},\"image\":{\"@id\":\"https:\/\/229.wordpressalk.pl\/#\/schema\/logo\/image\/\"}}]}<\/script>\n<!-- \/ Yoast SEO plugin. -->","yoast_head_json":{"title":"Kontakt - Aura Bijou","description":"Skontaktuj si\u0119 z nami za pomoc\u0105 zak\u0142adki KONTAKT i stw\u00f3rz z nasz\u0105 pomoc\u0105 swoj\u0105 wymarzon\u0105 bi\u017cuteri\u0119 spersonalizowan\u0105 pod swoje potrzeby.","robots":{"index":"index","follow":"follow","max-snippet":"max-snippet:-1","max-image-preview":"max-image-preview:large","max-video-preview":"max-video-preview:-1"},"canonical":"https:\/\/229.wordpressalk.pl\/index.php\/kontakt\/","og_locale":"pl_PL","og_type":"article","og_title":"Kontakt - Aura Bijou","og_description":"Skontaktuj si\u0119 z nami za pomoc\u0105 zak\u0142adki KONTAKT i stw\u00f3rz z nasz\u0105 pomoc\u0105 swoj\u0105 wymarzon\u0105 bi\u017cuteri\u0119 spersonalizowan\u0105 pod swoje potrzeby.","og_url":"https:\/\/229.wordpressalk.pl\/index.php\/kontakt\/","og_site_name":"Aura Bijou","article_modified_time":"2026-04-25T11:23:03+00:00","og_image":[{"url":"http:\/\/229.wordpressalk.pl\/wp-content\/uploads\/2026\/03\/Bez-nazwy-1-1024x1001.png","type":"","width":"","height":""}],"twitter_card":"summary_large_image","twitter_misc":{"Szacowany czas czytania":"2 minuty"},"schema":{"@context":"https:\/\/schema.org","@graph":[{"@type":"WebPage","@id":"https:\/\/229.wordpressalk.pl\/index.php\/kontakt\/","url":"https:\/\/229.wordpressalk.pl\/index.php\/kontakt\/","name":"Kontakt - Aura Bijou","isPartOf":{"@id":"https:\/\/229.wordpressalk.pl\/#website"},"primaryImageOfPage":{"@id":"https:\/\/229.wordpressalk.pl\/index.php\/kontakt\/#primaryimage"},"image":{"@id":"https:\/\/229.wordpressalk.pl\/index.php\/kontakt\/#primaryimage"},"thumbnailUrl":"http:\/\/229.wordpressalk.pl\/wp-content\/uploads\/2026\/03\/Bez-nazwy-1-1024x1001.png","datePublished":"2026-03-29T06:50:55+00:00","dateModified":"2026-04-25T11:23:03+00:00","description":"Skontaktuj si\u0119 z nami za pomoc\u0105 zak\u0142adki KONTAKT i stw\u00f3rz z nasz\u0105 pomoc\u0105 swoj\u0105 wymarzon\u0105 bi\u017cuteri\u0119 spersonalizowan\u0105 pod swoje potrzeby.","breadcrumb":{"@id":"https:\/\/229.wordpressalk.pl\/index.php\/kontakt\/#breadcrumb"},"inLanguage":"pl-PL","potentialAction":[{"@type":"ReadAction","target":["https:\/\/229.wordpressalk.pl\/index.php\/kontakt\/"]}]},{"@type":"ImageObject","inLanguage":"pl-PL","@id":"https:\/\/229.wordpressalk.pl\/index.php\/kontakt\/#primaryimage","url":"https:\/\/229.wordpressalk.pl\/wp-content\/uploads\/2026\/03\/Bez-nazwy-1-scaled.png","contentUrl":"https:\/\/229.wordpressalk.pl\/wp-content\/uploads\/2026\/03\/Bez-nazwy-1-scaled.png","width":2560,"height":2504},{"@type":"BreadcrumbList","@id":"https:\/\/229.wordpressalk.pl\/index.php\/kontakt\/#breadcrumb","itemListElement":[{"@type":"ListItem","position":1,"name":"Strona g\u0142\u00f3wna","item":"https:\/\/229.wordpressalk.pl\/"},{"@type":"ListItem","position":2,"name":"Kontakt"}]},{"@type":"WebSite","@id":"https:\/\/229.wordpressalk.pl\/#website","url":"https:\/\/229.wordpressalk.pl\/","name":"Aura Bijou","description":"Tw\u00f3j ulubiony sklep z bi\u017cuteri\u0105","publisher":{"@id":"https:\/\/229.wordpressalk.pl\/#organization"},"potentialAction":[{"@type":"SearchAction","target":{"@type":"EntryPoint","urlTemplate":"https:\/\/229.wordpressalk.pl\/?s={search_term_string}"},"query-input":{"@type":"PropertyValueSpecification","valueRequired":true,"valueName":"search_term_string"}}],"inLanguage":"pl-PL"},{"@type":"Organization","@id":"https:\/\/229.wordpressalk.pl\/#organization","name":"Aura Bijou","url":"https:\/\/229.wordpressalk.pl\/","logo":{"@type":"ImageObject","inLanguage":"pl-PL","@id":"https:\/\/229.wordpressalk.pl\/#\/schema\/logo\/image\/","url":"https:\/\/229.wordpressalk.pl\/wp-content\/uploads\/2026\/04\/cropped-Zrzut-ekranu-2025-01-29-124325.png","contentUrl":"https:\/\/229.wordpressalk.pl\/wp-content\/uploads\/2026\/04\/cropped-Zrzut-ekranu-2025-01-29-124325.png","width":541,"height":263,"caption":"Aura Bijou"},"image":{"@id":"https:\/\/229.wordpressalk.pl\/#\/schema\/logo\/image\/"}}]}},"_links":{"self":[{"href":"https:\/\/229.wordpressalk.pl\/index.php\/wp-json\/wp\/v2\/pages\/23","targetHints":{"allow":["GET"]}}],"collection":[{"href":"https:\/\/229.wordpressalk.pl\/index.php\/wp-json\/wp\/v2\/pages"}],"about":[{"href":"https:\/\/229.wordpressalk.pl\/index.php\/wp-json\/wp\/v2\/types\/page"}],"author":[{"embeddable":true,"href":"https:\/\/229.wordpressalk.pl\/index.php\/wp-json\/wp\/v2\/users\/1"}],"replies":[{"embeddable":true,"href":"https:\/\/229.wordpressalk.pl\/index.php\/wp-json\/wp\/v2\/comments?post=23"}],"version-history":[{"count":5,"href":"https:\/\/229.wordpressalk.pl\/index.php\/wp-json\/wp\/v2\/pages\/23\/revisions"}],"predecessor-version":[{"id":101,"href":"https:\/\/229.wordpressalk.pl\/index.php\/wp-json\/wp\/v2\/pages\/23\/revisions\/101"}],"wp:attachment":[{"href":"https:\/\/229.wordpressalk.pl\/index.php\/wp-json\/wp\/v2\/media?parent=23"}],"curies":[{"name":"wp","href":"https:\/\/api.w.org\/{rel}","templated":true}]}}