{"id":40,"date":"2026-03-29T11:19:20","date_gmt":"2026-03-29T09:19:20","guid":{"rendered":"http:\/\/229.wordpressalk.pl\/?page_id=40"},"modified":"2026-04-26T12:38:52","modified_gmt":"2026-04-26T10:38:52","slug":"grawerowanie","status":"publish","type":"page","link":"https:\/\/229.wordpressalk.pl\/index.php\/grawerowanie\/","title":{"rendered":"Grawerowanie"},"content":{"rendered":"\t\t<div data-elementor-type=\"wp-page\" data-elementor-id=\"40\" class=\"elementor elementor-40\">\n\t\t\t\t<div class=\"elementor-element elementor-element-837b679 e-grid e-con-full e-con e-parent\" data-id=\"837b679\" data-element_type=\"container\" data-e-type=\"container\">\n\t\t\t\t<div class=\"elementor-element elementor-element-791ae73 elementor-widget elementor-widget-text-editor\" data-id=\"791ae73\" data-element_type=\"widget\" data-e-type=\"widget\" data-widget_type=\"text-editor.default\">\n\t\t\t\t\t\t\t\t\t<div><div><h2 data-kb-block=\"kb-adv-heading1537_b9caa8-b8\">Jak to dzia\u0142a?<\/h2><p><strong>1. Wybierz zawieszk\u0119<\/strong><br \/>Zobacz standardowe zawieszki, na kt\u00f3rych wykonujemy grawerunek, wybierz, i podaj przy zam\u00f3wieniu. Zaznacz, czy grawer wykonujemy obustronnie, czy jednostronnie.<br \/>Grawer mo\u017cna r\u00f3wnie\u017c wykona\u0107 na zawieszkach, kt\u00f3re s\u0105 ju\u017c w zestawie z bransoletkami lub naszyjnikami \u2014 wystarczy doda\u0107 tak\u0105 informacj\u0119 przy zam\u00f3wieniu.<\/p><p><strong>2. Wybierz czcionk\u0119<\/strong><br \/>Dla napis\u00f3w mo\u017cesz wybra\u0107 jedn\u0105 z dost\u0119pnych czcionek \u2013 dzi\u0119ki temu grawer b\u0119dzie dok\u0142adnie taki, jak sobie wymarzysz.<\/p><\/div><\/div>\t\t\t\t\t\t\t\t<\/div>\n\t\t\t\t<div class=\"elementor-element elementor-element-6b37404 elementor-widget elementor-widget-text-editor\" data-id=\"6b37404\" data-element_type=\"widget\" data-e-type=\"widget\" data-widget_type=\"text-editor.default\">\n\t\t\t\t\t\t\t\t\t<div>\n<div>\n<p><strong>3. Wybierz symbol lub znak<\/strong><br>Chcesz znak zodiaku, serce, niesko\u0144czono\u015b\u0107, sow\u0119, biret, a mo\u017ce co\u015b bardziej niestandardowego? Zaznacz sw\u00f3j wyb\u00f3r z dost\u0119pnych grafik lub zaproponuj w\u0142asny pomys\u0142.<\/p>\n<p><strong>4. Masz inny pomys\u0142?<\/strong><br>Je\u015bli masz niestandardowy projekt lub potrzebujesz pomocy, skorzystaj z formularza kontaktowego \u2013 z przyjemno\u015bci\u0105 doradz\u0119 i razem przygotujemy co\u015b wyj\u0105tkowego. Mo\u017cesz r\u00f3wnie\u017c skontaktowa\u0107 si\u0119 ze mn\u0105 przez Facebook lub Instagram, je\u015bli tak b\u0119dzie dla Ciebie wygodniej.<\/p><p>Je\u015bli chcesz, mo\u017cesz r\u00f3wnie\u017c wys\u0142a\u0107 mi wiadomo\u015b\u0107 e-mail lub skontaktowa\u0107 si\u0119 za pomoc\u0105 formularza kontaktowego zawartego w zak\u0142adce &#8222;kontakt&#8221;. Nie kr\u0119puj si\u0119, na pewno razem stworzymy co\u015b pi\u0119knego! \ud83d\ude42<\/p><p>Poni\u017cej grafika z wyborem.<\/p>\n<\/div>\n<\/div>\n<div>\n<div>\n<div data-effect=\"slide\" data-jetpack-block-initialized=\"true\">\n<div>\n<div>&nbsp;<\/div>\n<\/div>\n<\/div>\n<\/div>\n<\/div>\t\t\t\t\t\t\t\t<\/div>\n\t\t\t\t<\/div>\n\t\t<div class=\"elementor-element elementor-element-32e30fd e-flex e-con-boxed e-con e-parent\" data-id=\"32e30fd\" data-element_type=\"container\" data-e-type=\"container\">\n\t\t\t\t\t<div class=\"e-con-inner\">\n\t\t\t\t<div class=\"elementor-element elementor-element-72d59bd elementor-widget elementor-widget-image\" data-id=\"72d59bd\" data-element_type=\"widget\" data-e-type=\"widget\" data-widget_type=\"image.default\">\n\t\t\t\t\t\t\t\t\t\t\t\t\t\t\t<img fetchpriority=\"high\" width=\"649\" height=\"1024\" src=\"https:\/\/229.wordpressalk.pl\/wp-content\/uploads\/2026\/03\/1.7-649x1024.png\" class=\"attachment-large size-large wp-image-44\" alt=\"grawerowanie\" srcset=\"https:\/\/229.wordpressalk.pl\/wp-content\/uploads\/2026\/03\/1.7-649x1024.png 649w, https:\/\/229.wordpressalk.pl\/wp-content\/uploads\/2026\/03\/1.7-600x947.png 600w, https:\/\/229.wordpressalk.pl\/wp-content\/uploads\/2026\/03\/1.7-190x300.png 190w, https:\/\/229.wordpressalk.pl\/wp-content\/uploads\/2026\/03\/1.7.png 653w\" sizes=\"(max-width: 649px) 100vw, 649px\" \/>\t\t\t\t\t\t\t\t\t\t\t\t\t\t\t<\/div>\n\t\t\t\t\t<\/div>\n\t\t\t\t<\/div>\n\t\t\t\t<\/div>\n\t\t","protected":false},"excerpt":{"rendered":"<p>Jak to dzia\u0142a? 1. Wybierz zawieszk\u0119Zobacz standardowe zawieszki, na kt\u00f3rych wykonujemy grawerunek, wybierz, i podaj przy zam\u00f3wieniu. Zaznacz, czy grawer wykonujemy obustronnie, czy jednostronnie.Grawer mo\u017cna r\u00f3wnie\u017c wykona\u0107 na zawieszkach, kt\u00f3re s\u0105 ju\u017c w zestawie z bransoletkami lub naszyjnikami \u2014 wystarczy doda\u0107 tak\u0105 informacj\u0119 przy zam\u00f3wieniu. 2. Wybierz czcionk\u0119Dla napis\u00f3w mo\u017cesz wybra\u0107 jedn\u0105 z dost\u0119pnych czcionek [&hellip;]<\/p>\n","protected":false},"author":1,"featured_media":0,"parent":0,"menu_order":0,"comment_status":"closed","ping_status":"closed","template":"","meta":{"site-sidebar-layout":"default","site-content-layout":"","ast-site-content-layout":"default","site-content-style":"default","site-sidebar-style":"default","ast-global-header-display":"","ast-banner-title-visibility":"","ast-main-header-display":"","ast-hfb-above-header-display":"","ast-hfb-below-header-display":"","ast-hfb-mobile-header-display":"","site-post-title":"","ast-breadcrumbs-content":"","ast-featured-img":"","footer-sml-layout":"","ast-disable-related-posts":"","theme-transparent-header-meta":"","adv-header-id-meta":"","stick-header-meta":"","header-above-stick-meta":"","header-main-stick-meta":"","header-below-stick-meta":"","astra-migrate-meta-layouts":"default","ast-page-background-enabled":"default","ast-page-background-meta":{"desktop":{"background-color":"var(--ast-global-color-5)","background-image":"","background-repeat":"repeat","background-position":"center center","background-size":"auto","background-attachment":"scroll","background-type":"","background-media":"","overlay-type":"","overlay-color":"","overlay-opacity":"","overlay-gradient":""},"tablet":{"background-color":"","background-image":"","background-repeat":"repeat","background-position":"center center","background-size":"auto","background-attachment":"scroll","background-type":"","background-media":"","overlay-type":"","overlay-color":"","overlay-opacity":"","overlay-gradient":""},"mobile":{"background-color":"","background-image":"","background-repeat":"repeat","background-position":"center center","background-size":"auto","background-attachment":"scroll","background-type":"","background-media":"","overlay-type":"","overlay-color":"","overlay-opacity":"","overlay-gradient":""}},"ast-content-background-meta":{"desktop":{"background-color":"var(--ast-global-color-4)","background-image":"","background-repeat":"repeat","background-position":"center center","background-size":"auto","background-attachment":"scroll","background-type":"","background-media":"","overlay-type":"","overlay-color":"","overlay-opacity":"","overlay-gradient":""},"tablet":{"background-color":"var(--ast-global-color-4)","background-image":"","background-repeat":"repeat","background-position":"center center","background-size":"auto","background-attachment":"scroll","background-type":"","background-media":"","overlay-type":"","overlay-color":"","overlay-opacity":"","overlay-gradient":""},"mobile":{"background-color":"var(--ast-global-color-4)","background-image":"","background-repeat":"repeat","background-position":"center center","background-size":"auto","background-attachment":"scroll","background-type":"","background-media":"","overlay-type":"","overlay-color":"","overlay-opacity":"","overlay-gradient":""}},"footnotes":""},"class_list":["post-40","page","type-page","status-publish","hentry"],"yoast_head":"<!-- This site is optimized with the Yoast SEO plugin v27.2 - https:\/\/yoast.com\/product\/yoast-seo-wordpress\/ -->\n<title>Grawerowanie - Aura Bijou<\/title>\n<meta name=\"robots\" content=\"index, follow, max-snippet:-1, max-image-preview:large, max-video-preview:-1\" \/>\n<link rel=\"canonical\" href=\"https:\/\/229.wordpressalk.pl\/index.php\/grawerowanie\/\" \/>\n<meta property=\"og:locale\" content=\"pl_PL\" \/>\n<meta property=\"og:type\" content=\"article\" \/>\n<meta property=\"og:title\" content=\"Grawerowanie - Aura Bijou\" \/>\n<meta property=\"og:description\" content=\"Jak to dzia\u0142a? 1. Wybierz zawieszk\u0119Zobacz standardowe zawieszki, na kt\u00f3rych wykonujemy grawerunek, wybierz, i podaj przy zam\u00f3wieniu. Zaznacz, czy grawer wykonujemy obustronnie, czy jednostronnie.Grawer mo\u017cna r\u00f3wnie\u017c wykona\u0107 na zawieszkach, kt\u00f3re s\u0105 ju\u017c w zestawie z bransoletkami lub naszyjnikami \u2014 wystarczy doda\u0107 tak\u0105 informacj\u0119 przy zam\u00f3wieniu. 2. Wybierz czcionk\u0119Dla napis\u00f3w mo\u017cesz wybra\u0107 jedn\u0105 z dost\u0119pnych czcionek [&hellip;]\" \/>\n<meta property=\"og:url\" content=\"https:\/\/229.wordpressalk.pl\/index.php\/grawerowanie\/\" \/>\n<meta property=\"og:site_name\" content=\"Aura Bijou\" \/>\n<meta property=\"article:modified_time\" content=\"2026-04-26T10:38:52+00:00\" \/>\n<meta property=\"og:image\" content=\"http:\/\/229.wordpressalk.pl\/wp-content\/uploads\/2026\/03\/1.7-649x1024.png\" \/>\n<meta name=\"twitter:card\" content=\"summary_large_image\" \/>\n<meta name=\"twitter:label1\" content=\"Szacowany czas czytania\" \/>\n\t<meta name=\"twitter:data1\" content=\"1 minuta\" \/>\n<script type=\"application\/ld+json\" class=\"yoast-schema-graph\">{\"@context\":\"https:\/\/schema.org\",\"@graph\":[{\"@type\":\"WebPage\",\"@id\":\"https:\/\/229.wordpressalk.pl\/index.php\/grawerowanie\/\",\"url\":\"https:\/\/229.wordpressalk.pl\/index.php\/grawerowanie\/\",\"name\":\"Grawerowanie - Aura Bijou\",\"isPartOf\":{\"@id\":\"https:\/\/229.wordpressalk.pl\/#website\"},\"primaryImageOfPage\":{\"@id\":\"https:\/\/229.wordpressalk.pl\/index.php\/grawerowanie\/#primaryimage\"},\"image\":{\"@id\":\"https:\/\/229.wordpressalk.pl\/index.php\/grawerowanie\/#primaryimage\"},\"thumbnailUrl\":\"http:\/\/229.wordpressalk.pl\/wp-content\/uploads\/2026\/03\/1.7-649x1024.png\",\"datePublished\":\"2026-03-29T09:19:20+00:00\",\"dateModified\":\"2026-04-26T10:38:52+00:00\",\"breadcrumb\":{\"@id\":\"https:\/\/229.wordpressalk.pl\/index.php\/grawerowanie\/#breadcrumb\"},\"inLanguage\":\"pl-PL\",\"potentialAction\":[{\"@type\":\"ReadAction\",\"target\":[\"https:\/\/229.wordpressalk.pl\/index.php\/grawerowanie\/\"]}]},{\"@type\":\"ImageObject\",\"inLanguage\":\"pl-PL\",\"@id\":\"https:\/\/229.wordpressalk.pl\/index.php\/grawerowanie\/#primaryimage\",\"url\":\"https:\/\/229.wordpressalk.pl\/wp-content\/uploads\/2026\/03\/1.7.png\",\"contentUrl\":\"https:\/\/229.wordpressalk.pl\/wp-content\/uploads\/2026\/03\/1.7.png\",\"width\":653,\"height\":1031,\"caption\":\"grawerowanie\"},{\"@type\":\"BreadcrumbList\",\"@id\":\"https:\/\/229.wordpressalk.pl\/index.php\/grawerowanie\/#breadcrumb\",\"itemListElement\":[{\"@type\":\"ListItem\",\"position\":1,\"name\":\"Strona g\u0142\u00f3wna\",\"item\":\"https:\/\/229.wordpressalk.pl\/\"},{\"@type\":\"ListItem\",\"position\":2,\"name\":\"Grawerowanie\"}]},{\"@type\":\"WebSite\",\"@id\":\"https:\/\/229.wordpressalk.pl\/#website\",\"url\":\"https:\/\/229.wordpressalk.pl\/\",\"name\":\"Aura Bijou\",\"description\":\"Tw\u00f3j ulubiony sklep z bi\u017cuteri\u0105\",\"publisher\":{\"@id\":\"https:\/\/229.wordpressalk.pl\/#organization\"},\"potentialAction\":[{\"@type\":\"SearchAction\",\"target\":{\"@type\":\"EntryPoint\",\"urlTemplate\":\"https:\/\/229.wordpressalk.pl\/?s={search_term_string}\"},\"query-input\":{\"@type\":\"PropertyValueSpecification\",\"valueRequired\":true,\"valueName\":\"search_term_string\"}}],\"inLanguage\":\"pl-PL\"},{\"@type\":\"Organization\",\"@id\":\"https:\/\/229.wordpressalk.pl\/#organization\",\"name\":\"Aura Bijou\",\"url\":\"https:\/\/229.wordpressalk.pl\/\",\"logo\":{\"@type\":\"ImageObject\",\"inLanguage\":\"pl-PL\",\"@id\":\"https:\/\/229.wordpressalk.pl\/#\/schema\/logo\/image\/\",\"url\":\"https:\/\/229.wordpressalk.pl\/wp-content\/uploads\/2026\/04\/cropped-Zrzut-ekranu-2025-01-29-124325.png\",\"contentUrl\":\"https:\/\/229.wordpressalk.pl\/wp-content\/uploads\/2026\/04\/cropped-Zrzut-ekranu-2025-01-29-124325.png\",\"width\":541,\"height\":263,\"caption\":\"Aura Bijou\"},\"image\":{\"@id\":\"https:\/\/229.wordpressalk.pl\/#\/schema\/logo\/image\/\"}}]}<\/script>\n<!-- \/ Yoast SEO plugin. -->","yoast_head_json":{"title":"Grawerowanie - Aura Bijou","robots":{"index":"index","follow":"follow","max-snippet":"max-snippet:-1","max-image-preview":"max-image-preview:large","max-video-preview":"max-video-preview:-1"},"canonical":"https:\/\/229.wordpressalk.pl\/index.php\/grawerowanie\/","og_locale":"pl_PL","og_type":"article","og_title":"Grawerowanie - Aura Bijou","og_description":"Jak to dzia\u0142a? 1. Wybierz zawieszk\u0119Zobacz standardowe zawieszki, na kt\u00f3rych wykonujemy grawerunek, wybierz, i podaj przy zam\u00f3wieniu. Zaznacz, czy grawer wykonujemy obustronnie, czy jednostronnie.Grawer mo\u017cna r\u00f3wnie\u017c wykona\u0107 na zawieszkach, kt\u00f3re s\u0105 ju\u017c w zestawie z bransoletkami lub naszyjnikami \u2014 wystarczy doda\u0107 tak\u0105 informacj\u0119 przy zam\u00f3wieniu. 2. Wybierz czcionk\u0119Dla napis\u00f3w mo\u017cesz wybra\u0107 jedn\u0105 z dost\u0119pnych czcionek [&hellip;]","og_url":"https:\/\/229.wordpressalk.pl\/index.php\/grawerowanie\/","og_site_name":"Aura Bijou","article_modified_time":"2026-04-26T10:38:52+00:00","og_image":[{"url":"http:\/\/229.wordpressalk.pl\/wp-content\/uploads\/2026\/03\/1.7-649x1024.png","type":"","width":"","height":""}],"twitter_card":"summary_large_image","twitter_misc":{"Szacowany czas czytania":"1 minuta"},"schema":{"@context":"https:\/\/schema.org","@graph":[{"@type":"WebPage","@id":"https:\/\/229.wordpressalk.pl\/index.php\/grawerowanie\/","url":"https:\/\/229.wordpressalk.pl\/index.php\/grawerowanie\/","name":"Grawerowanie - Aura Bijou","isPartOf":{"@id":"https:\/\/229.wordpressalk.pl\/#website"},"primaryImageOfPage":{"@id":"https:\/\/229.wordpressalk.pl\/index.php\/grawerowanie\/#primaryimage"},"image":{"@id":"https:\/\/229.wordpressalk.pl\/index.php\/grawerowanie\/#primaryimage"},"thumbnailUrl":"http:\/\/229.wordpressalk.pl\/wp-content\/uploads\/2026\/03\/1.7-649x1024.png","datePublished":"2026-03-29T09:19:20+00:00","dateModified":"2026-04-26T10:38:52+00:00","breadcrumb":{"@id":"https:\/\/229.wordpressalk.pl\/index.php\/grawerowanie\/#breadcrumb"},"inLanguage":"pl-PL","potentialAction":[{"@type":"ReadAction","target":["https:\/\/229.wordpressalk.pl\/index.php\/grawerowanie\/"]}]},{"@type":"ImageObject","inLanguage":"pl-PL","@id":"https:\/\/229.wordpressalk.pl\/index.php\/grawerowanie\/#primaryimage","url":"https:\/\/229.wordpressalk.pl\/wp-content\/uploads\/2026\/03\/1.7.png","contentUrl":"https:\/\/229.wordpressalk.pl\/wp-content\/uploads\/2026\/03\/1.7.png","width":653,"height":1031,"caption":"grawerowanie"},{"@type":"BreadcrumbList","@id":"https:\/\/229.wordpressalk.pl\/index.php\/grawerowanie\/#breadcrumb","itemListElement":[{"@type":"ListItem","position":1,"name":"Strona g\u0142\u00f3wna","item":"https:\/\/229.wordpressalk.pl\/"},{"@type":"ListItem","position":2,"name":"Grawerowanie"}]},{"@type":"WebSite","@id":"https:\/\/229.wordpressalk.pl\/#website","url":"https:\/\/229.wordpressalk.pl\/","name":"Aura Bijou","description":"Tw\u00f3j ulubiony sklep z bi\u017cuteri\u0105","publisher":{"@id":"https:\/\/229.wordpressalk.pl\/#organization"},"potentialAction":[{"@type":"SearchAction","target":{"@type":"EntryPoint","urlTemplate":"https:\/\/229.wordpressalk.pl\/?s={search_term_string}"},"query-input":{"@type":"PropertyValueSpecification","valueRequired":true,"valueName":"search_term_string"}}],"inLanguage":"pl-PL"},{"@type":"Organization","@id":"https:\/\/229.wordpressalk.pl\/#organization","name":"Aura Bijou","url":"https:\/\/229.wordpressalk.pl\/","logo":{"@type":"ImageObject","inLanguage":"pl-PL","@id":"https:\/\/229.wordpressalk.pl\/#\/schema\/logo\/image\/","url":"https:\/\/229.wordpressalk.pl\/wp-content\/uploads\/2026\/04\/cropped-Zrzut-ekranu-2025-01-29-124325.png","contentUrl":"https:\/\/229.wordpressalk.pl\/wp-content\/uploads\/2026\/04\/cropped-Zrzut-ekranu-2025-01-29-124325.png","width":541,"height":263,"caption":"Aura Bijou"},"image":{"@id":"https:\/\/229.wordpressalk.pl\/#\/schema\/logo\/image\/"}}]}},"_links":{"self":[{"href":"https:\/\/229.wordpressalk.pl\/index.php\/wp-json\/wp\/v2\/pages\/40","targetHints":{"allow":["GET"]}}],"collection":[{"href":"https:\/\/229.wordpressalk.pl\/index.php\/wp-json\/wp\/v2\/pages"}],"about":[{"href":"https:\/\/229.wordpressalk.pl\/index.php\/wp-json\/wp\/v2\/types\/page"}],"author":[{"embeddable":true,"href":"https:\/\/229.wordpressalk.pl\/index.php\/wp-json\/wp\/v2\/users\/1"}],"replies":[{"embeddable":true,"href":"https:\/\/229.wordpressalk.pl\/index.php\/wp-json\/wp\/v2\/comments?post=40"}],"version-history":[{"count":20,"href":"https:\/\/229.wordpressalk.pl\/index.php\/wp-json\/wp\/v2\/pages\/40\/revisions"}],"predecessor-version":[{"id":110,"href":"https:\/\/229.wordpressalk.pl\/index.php\/wp-json\/wp\/v2\/pages\/40\/revisions\/110"}],"wp:attachment":[{"href":"https:\/\/229.wordpressalk.pl\/index.php\/wp-json\/wp\/v2\/media?parent=40"}],"curies":[{"name":"wp","href":"https:\/\/api.w.org\/{rel}","templated":true}]}}