{"id":42,"date":"2026-03-29T12:36:13","date_gmt":"2026-03-29T10:36:13","guid":{"rendered":"http:\/\/229.wordpressalk.pl\/?page_id=42"},"modified":"2026-04-26T12:41:06","modified_gmt":"2026-04-26T10:41:06","slug":"zamowienia-personalizowane","status":"publish","type":"page","link":"https:\/\/229.wordpressalk.pl\/index.php\/zamowienia-personalizowane\/","title":{"rendered":"Zam\u00f3wienia personalizowane"},"content":{"rendered":"\t\t<div data-elementor-type=\"wp-page\" data-elementor-id=\"42\" class=\"elementor elementor-42\">\n\t\t\t\t<div class=\"elementor-element elementor-element-e7b9c55 e-flex e-con-boxed e-con e-parent\" data-id=\"e7b9c55\" data-element_type=\"container\" data-e-type=\"container\">\n\t\t\t\t\t<div class=\"e-con-inner\">\n\t\t\t\t<div class=\"elementor-element elementor-element-5ce44f2 elementor-widget elementor-widget-text-editor\" data-id=\"5ce44f2\" data-element_type=\"widget\" data-e-type=\"widget\" data-widget_type=\"text-editor.default\">\n\t\t\t\t\t\t\t\t\t<div class=\"kb-row-layout-wrap kb-row-layout-id1184_447f8f-3d alignnone wp-block-kadence-rowlayout\">\n<div class=\"kt-row-column-wrap kt-has-2-columns kt-row-layout-equal kt-tab-layout-row kt-mobile-layout-row kt-row-valign-middle kb-theme-content-width\">\n<div class=\"wp-block-kadence-column kadence-column1184_db9b58-aa inner-column-1\">\n<div class=\"kt-inside-inner-col\">\n<h2 class=\"kt-adv-heading1184_9599f7-58 wp-block-kadence-advancedheading\" data-kb-block=\"kb-adv-heading1184_9599f7-58\">Twoja historia zakl\u0119ta w kamieniu<\/h2>\n<div class=\"wp-block-spacer\" aria-hidden=\"true\">&nbsp;<\/div>\n<p class=\"kt-adv-heading1184_79708f-a9 wp-block-kadence-advancedheading\" data-kb-block=\"kb-adv-heading1184_79708f-a9\">Ka\u017cda bi\u017cuteria mo\u017ce by\u0107 pi\u0119kna, ale dopiero personalizacja sprawia, \u017ce staje si\u0119 naprawd\u0119&nbsp;<em>Twoja<\/em>. W mojej pracowni od pocz\u0105tku istnienia wierz\u0119, \u017ce bi\u017cuteria powinna by\u0107 nie tylko ozdob\u0105, ale tak\u017ce opowie\u015bci\u0105 \u2013 o uczuciach, intencjach, wspomnieniach. Dlatego z sercem realizuj\u0119 projekty na zam\u00f3wienie, dostosowane do wyj\u0105tkowych os\u00f3b i ich indywidualnych potrzeb.<\/p><p class=\"kt-adv-heading1184_79708f-a9 wp-block-kadence-advancedheading\" data-kb-block=\"kb-adv-heading1184_79708f-a9\"><br><\/p>\n<\/div>\n<\/div>\n<div class=\"wp-block-kadence-column kadence-column1184_acccd7-02 inner-column-2\">\n<div class=\"kt-inside-inner-col\">\n<div class=\"kb-row-layout-wrap kb-row-layout-id1184_0d445e-c6 alignnone wp-block-kadence-rowlayout\">\n<div class=\"kt-row-column-wrap kt-has-1-columns kt-row-layout-equal kt-tab-layout-inherit kt-mobile-layout-row kt-row-valign-top\">\n<div class=\"wp-block-kadence-column kadence-column1184_41223f-50 inner-column-1\">\n<div class=\"kt-inside-inner-col\">\n<figure class=\"wp-block-kadence-image kb-image1184_46e0f9-3c size-large kb-image-is-ratio-size\">\n<div class=\"kb-is-ratio-image kb-image-ratio-land169\"><img fetchpriority=\"high\" class=\"kb-img wp-image-1422\" src=\"https:\/\/aurabijou.pl\/wp-content\/uploads\/2025\/06\/DSC_3048-1024x819.jpg\" sizes=\"(max-width: 1024px) 100vw, 1024px\" srcset=\"https:\/\/aurabijou.pl\/wp-content\/uploads\/2025\/06\/DSC_3048-1024x819.jpg 1024w, https:\/\/aurabijou.pl\/wp-content\/uploads\/2025\/06\/DSC_3048-300x240.jpg 300w, https:\/\/aurabijou.pl\/wp-content\/uploads\/2025\/06\/DSC_3048-768x614.jpg 768w, https:\/\/aurabijou.pl\/wp-content\/uploads\/2025\/06\/DSC_3048-1536x1229.jpg 1536w, https:\/\/aurabijou.pl\/wp-content\/uploads\/2025\/06\/DSC_3048-2048x1638.jpg 2048w, https:\/\/aurabijou.pl\/wp-content\/uploads\/2025\/06\/DSC_3048-600x480.jpg 600w\" alt=\"\" width=\"1024\" height=\"819\"><\/div>\n<\/figure>\n<\/div>\n<\/div>\n<\/div>\n<\/div>\n<\/div>\n<\/div>\n<\/div>\n<\/div>\n<h3 class=\"wp-block-heading has-text-align-center\"><strong>Zrealizowane personalizacje \u2013 przyk\u0142ady<\/strong><\/h3>\n<h6 class=\"wp-block-heading has-text-align-center\"><img class=\"emoji lazyload\" role=\"img\" draggable=\"false\" data-src=\"https:\/\/s.w.org\/images\/core\/emoji\/17.0.2\/svg\/1f48e.svg\" alt=\"\ud83d\udc8e\" src=\"data:image\/svg+xml;base64,PHN2ZyB3aWR0aD0iMSIgaGVpZ2h0PSIxIiB4bWxucz0iaHR0cDovL3d3dy53My5vcmcvMjAwMC9zdmciPjwvc3ZnPg==\">&nbsp;<strong>Bi\u017cuteria tworzona na miar\u0119 intencji i znak\u00f3w zodiaku<\/strong><\/h6><h6 class=\"wp-block-heading has-text-align-center\"><strong><br><\/strong><\/h6><div class=\"kb-row-layout-wrap kb-row-layout-id1184_61f95e-4f alignnone wp-block-kadence-rowlayout\"><div class=\"kt-row-column-wrap kt-has-3-columns kt-row-layout-equal kt-tab-layout-first-row kt-mobile-layout-row kt-row-valign-top kb-theme-content-width\"><div class=\"wp-block-kadence-column kadence-column1184_35ed75-e4 inner-column-1\"><div class=\"kt-inside-inner-col\">\n<h2 class=\"kt-adv-heading1184_eafca2-c0 wp-block-kadence-advancedheading\" data-kb-block=\"kb-adv-heading1184_eafca2-c0\">Indywidualna ochrona<\/h2>\n<div class=\"wp-block-spacer\" aria-hidden=\"true\">&nbsp;<\/div>\n<p class=\"kt-adv-heading1184_99e259-ae wp-block-kadence-advancedheading\" data-kb-block=\"kb-adv-heading1184_99e259-ae\"><strong>Bransoletki ochronne<\/strong>&nbsp;na trudny czas z kamieniami dopasowanymi do energii w\u0142a\u015bciciela.<\/p>\n<\/div>\n<\/div>\n<div class=\"wp-block-kadence-column kadence-column1184_49963b-49 inner-column-2\">\n<div class=\"kt-inside-inner-col\">\n<figure class=\"wp-block-kadence-image kb-image1184_665bf2-cc size-large kb-image-is-ratio-size\">\n<div class=\"kb-is-ratio-image kb-image-ratio-square\"><img class=\"kb-img wp-image-1504 lazyload\" data-src=\"https:\/\/aurabijou.pl\/wp-content\/uploads\/2025\/06\/DSC_3011-1024x1024.jpg\" data-sizes=\"auto, (max-width: 1024px) 100vw, 1024px\" data-srcset=\"https:\/\/aurabijou.pl\/wp-content\/uploads\/2025\/06\/DSC_3011-1024x1024.jpg 1024w, https:\/\/aurabijou.pl\/wp-content\/uploads\/2025\/06\/DSC_3011-300x300.jpg 300w, https:\/\/aurabijou.pl\/wp-content\/uploads\/2025\/06\/DSC_3011-150x150.jpg 150w, https:\/\/aurabijou.pl\/wp-content\/uploads\/2025\/06\/DSC_3011-768x768.jpg 768w, https:\/\/aurabijou.pl\/wp-content\/uploads\/2025\/06\/DSC_3011-1536x1536.jpg 1536w, https:\/\/aurabijou.pl\/wp-content\/uploads\/2025\/06\/DSC_3011-2048x2048.jpg 2048w, https:\/\/aurabijou.pl\/wp-content\/uploads\/2025\/06\/DSC_3011-600x600.jpg 600w, https:\/\/aurabijou.pl\/wp-content\/uploads\/2025\/06\/DSC_3011-100x100.jpg 100w\" alt=\"Aura Bijou\" width=\"1024\" height=\"1024\" src=\"data:image\/svg+xml;base64,PHN2ZyB3aWR0aD0iMSIgaGVpZ2h0PSIxIiB4bWxucz0iaHR0cDovL3d3dy53My5vcmcvMjAwMC9zdmciPjwvc3ZnPg==\" style=\"--smush-placeholder-width: 1024px; --smush-placeholder-aspect-ratio: 1024\/1024;\"><\/div><div class=\"kb-is-ratio-image kb-image-ratio-square\"><br><\/div><\/figure><\/div><\/div><div class=\"wp-block-kadence-column kadence-column1184_3621d7-04 inner-column-3\"><div class=\"kt-inside-inner-col\">\n<h2 class=\"kt-adv-heading1184_5772c7-ef wp-block-kadence-advancedheading\" data-kb-block=\"kb-adv-heading1184_5772c7-ef\">Amulety na nowy etap \u017cycia<\/h2>\n<div class=\"wp-block-spacer\" aria-hidden=\"true\">&nbsp;<\/div>\n<p class=\"kt-adv-heading1184_7d8a2b-56 wp-block-kadence-advancedheading\" data-kb-block=\"kb-adv-heading1184_7d8a2b-56\"><strong>Symboliczne amulety<\/strong> tworzone z kamieni naturalnych, wspieraj\u0105ce odwag\u0119, niezale\u017cno\u015b\u0107 i wewn\u0119trzn\u0105 transformacj\u0119. Projektowane w oparciu o dat\u0119 urodzenia i intencj\u0119 \u017cyciow\u0105, przywo\u0142uj\u0105ce aktualne potrzeby \u2014 idealne na czas zmian i nowych pocz\u0105tk\u00f3w.<\/p>\n<\/div>\n<\/div>\n<\/div>\n<\/div>\n<div class=\"wp-block-spacer\" aria-hidden=\"true\">&nbsp;<\/div>\n<h2 class=\"wp-block-heading has-text-align-center\"><strong>Jak przyjmuj\u0119 personalizacje?<\/strong><\/h2>\n<p class=\"has-text-align-center\">Proces personalizacji jest prosty i pe\u0142en ciep\u0142a \u2013 tak jak sama bi\u017cuteria.<\/p>\n<p class=\"has-text-align-center\"><img class=\"emoji lazyload\" role=\"img\" draggable=\"false\" data-src=\"https:\/\/s.w.org\/images\/core\/emoji\/17.0.2\/svg\/1f4e9.svg\" alt=\"\ud83d\udce9\" src=\"data:image\/svg+xml;base64,PHN2ZyB3aWR0aD0iMSIgaGVpZ2h0PSIxIiB4bWxucz0iaHR0cDovL3d3dy53My5vcmcvMjAwMC9zdmciPjwvc3ZnPg==\">&nbsp;<strong>Kontakt:<\/strong><br>Skontaktuj si\u0119 ze mn\u0105 przez wiadomo\u015b\u0107 na Instagramie, Facebooku, e-maila, lub formularz kontaktowy. <br>Mo\u017cesz od razu opisa\u0107 sw\u00f3j pomys\u0142, okazj\u0119, intencj\u0119 lub osob\u0119, dla kt\u00f3rej tworzysz prezent.<\/p>\n<p class=\"has-text-align-center\"><img class=\"emoji lazyload\" role=\"img\" draggable=\"false\" data-src=\"https:\/\/s.w.org\/images\/core\/emoji\/17.0.2\/svg\/1f4ac.svg\" alt=\"\ud83d\udcac\" src=\"data:image\/svg+xml;base64,PHN2ZyB3aWR0aD0iMSIgaGVpZ2h0PSIxIiB4bWxucz0iaHR0cDovL3d3dy53My5vcmcvMjAwMC9zdmciPjwvc3ZnPg==\">&nbsp;<strong>Konsultacja:<\/strong><br>Zawsze odpowiem z propozycjami \u2013 dobior\u0119 odpowiednie kamienie, podpowiem uk\u0142ad,<br>zaproponuj\u0119 grawer lub dopytam o szczeg\u00f3\u0142y, kt\u00f3re pomog\u0105 mi stworzy\u0107 co\u015b wyj\u0105tkowego.<\/p>\n<p class=\"has-text-align-center\"><img class=\"emoji lazyload\" role=\"img\" draggable=\"false\" data-src=\"https:\/\/s.w.org\/images\/core\/emoji\/17.0.2\/svg\/270d.svg\" alt=\"\u270d\ufe0f\" src=\"data:image\/svg+xml;base64,PHN2ZyB3aWR0aD0iMSIgaGVpZ2h0PSIxIiB4bWxucz0iaHR0cDovL3d3dy53My5vcmcvMjAwMC9zdmciPjwvc3ZnPg==\">&nbsp;<strong>Wizualizacja i akceptacja:<\/strong><br>Przy bardziej z\u0142o\u017conych zam\u00f3wieniach tworz\u0119 szkic lub opis projektu. Po akceptacji przyst\u0119puj\u0119 do pracy.<\/p>\n<p class=\"has-text-align-center\"><img class=\"emoji lazyload\" role=\"img\" draggable=\"false\" data-src=\"https:\/\/s.w.org\/images\/core\/emoji\/17.0.2\/svg\/1f6e0.svg\" alt=\"\ud83d\udee0\ufe0f\" src=\"data:image\/svg+xml;base64,PHN2ZyB3aWR0aD0iMSIgaGVpZ2h0PSIxIiB4bWxucz0iaHR0cDovL3d3dy53My5vcmcvMjAwMC9zdmciPjwvc3ZnPg==\">&nbsp;<strong>Realizacja:<\/strong><br>Ka\u017cda personalizacja realizowana jest r\u0119cznie, z pe\u0142nym zaanga\u017cowaniem<br>\u2013 zazwyczaj w ci\u0105gu ok. 7 dni roboczych, w zale\u017cno\u015bci od stopnia skomplikowania.<\/p><p class=\"has-text-align-center\"><br><\/p>\n<div class=\"kb-row-layout-wrap kb-row-layout-id1184_1e876d-08 alignnone wp-block-kadence-rowlayout\">\n<div class=\"kt-row-column-wrap kt-has-2-columns kt-row-layout-equal kt-tab-layout-row kt-mobile-layout-row kt-row-valign-middle kb-theme-content-width\">\n<div class=\"wp-block-kadence-column kadence-column1184_b70be4-bc inner-column-1\">\n<div class=\"kt-inside-inner-col\">\n<div class=\"wp-block-kadence-image kb-image1184_07b519-16\">\n<figure class=\"alignright size-large kb-image-is-ratio-size\">\n<div class=\"kb-is-ratio-image kb-image-ratio-land169\"><img class=\"kb-img wp-image-1519 lazyload\" data-src=\"https:\/\/aurabijou.pl\/wp-content\/uploads\/2025\/06\/DSC_3897-edited-scaled.jpg\" data-sizes=\"auto, (max-width: 2560px) 100vw, 2560px\" data-srcset=\"https:\/\/aurabijou.pl\/wp-content\/uploads\/2025\/06\/DSC_3897-edited-scaled.jpg 2560w, https:\/\/aurabijou.pl\/wp-content\/uploads\/2025\/06\/DSC_3897-edited-300x300.jpg 300w, https:\/\/aurabijou.pl\/wp-content\/uploads\/2025\/06\/DSC_3897-edited-1024x1024.jpg 1024w, https:\/\/aurabijou.pl\/wp-content\/uploads\/2025\/06\/DSC_3897-edited-150x150.jpg 150w, https:\/\/aurabijou.pl\/wp-content\/uploads\/2025\/06\/DSC_3897-edited-768x768.jpg 768w, https:\/\/aurabijou.pl\/wp-content\/uploads\/2025\/06\/DSC_3897-edited-1536x1536.jpg 1536w, https:\/\/aurabijou.pl\/wp-content\/uploads\/2025\/06\/DSC_3897-edited-2048x2048.jpg 2048w, https:\/\/aurabijou.pl\/wp-content\/uploads\/2025\/06\/DSC_3897-edited-600x600.jpg 600w, https:\/\/aurabijou.pl\/wp-content\/uploads\/2025\/06\/DSC_3897-edited-100x100.jpg 100w\" alt=\"Aura Bijou\" width=\"2560\" height=\"2560\" src=\"data:image\/svg+xml;base64,PHN2ZyB3aWR0aD0iMSIgaGVpZ2h0PSIxIiB4bWxucz0iaHR0cDovL3d3dy53My5vcmcvMjAwMC9zdmciPjwvc3ZnPg==\" style=\"--smush-placeholder-width: 2560px; --smush-placeholder-aspect-ratio: 2560\/2560;\"><\/div>\n<\/figure>\n<\/div>\n<div class=\"wp-block-group is-nowrap is-layout-flex wp-container-core-group-is-layout-ad2f72ca wp-block-group-is-layout-flex\">&nbsp;<\/div>\n<\/div>\n<\/div>\n<div class=\"wp-block-kadence-column kadence-column1184_b67e95-59 inner-column-2\">\n<div class=\"kt-inside-inner-col\">\n<h1 class=\"kt-adv-heading1184_4e9e59-ad wp-block-kadence-advancedheading has-theme-palette-8-color has-text-color\" data-kb-block=\"kb-adv-heading1184_4e9e59-ad\"><br><\/h1>\n<h2 class=\"kt-adv-heading1184_9ee51f-e7 wp-block-kadence-advancedheading\" data-kb-block=\"kb-adv-heading1184_9ee51f-e7\">Grawerunki z dusz\u0105<\/h2>\n<div class=\"wp-block-spacer\" aria-hidden=\"true\">&nbsp;<\/div>\n<ul class=\"wp-block-list\">\n<li><strong>Grawerowane zawieszki z inicja\u0142ami<\/strong>, datami wa\u017cnych wydarze\u0144, cytatami z ksi\u0105\u017cek lub kr\u00f3tkimi mantrami.<\/li>\n<li><strong>Symboliczne napisy<\/strong>&nbsp;\u2013 jako prywatna przypominajka o sile i mi\u0142o\u015bci.<\/li>\n<li><strong>Minimalistyczne grafiki<\/strong>&nbsp;\u2013 jak znak niesko\u0144czono\u015bci, serce, symbole fanowskie czy znaki zodiaku \u2013 subtelnie wygrawerowane na elementach bi\u017cuterii.<\/li>\n<\/ul>\n<\/div>\n<\/div>\n<\/div>\n<\/div>\t\t\t\t\t\t\t\t<\/div>\n\t\t\t\t\t<\/div>\n\t\t\t\t<\/div>\n\t\t\t\t<\/div>\n\t\t","protected":false},"excerpt":{"rendered":"<p>Twoja historia zakl\u0119ta w kamieniu &nbsp; Ka\u017cda bi\u017cuteria mo\u017ce by\u0107 pi\u0119kna, ale dopiero personalizacja sprawia, \u017ce staje si\u0119 naprawd\u0119&nbsp;Twoja. W mojej pracowni od pocz\u0105tku istnienia wierz\u0119, \u017ce bi\u017cuteria powinna by\u0107 nie tylko ozdob\u0105, ale tak\u017ce opowie\u015bci\u0105 \u2013 o uczuciach, intencjach, wspomnieniach. Dlatego z sercem realizuj\u0119 projekty na zam\u00f3wienie, dostosowane do wyj\u0105tkowych os\u00f3b i ich indywidualnych [&hellip;]<\/p>\n","protected":false},"author":1,"featured_media":0,"parent":0,"menu_order":0,"comment_status":"closed","ping_status":"closed","template":"","meta":{"site-sidebar-layout":"default","site-content-layout":"","ast-site-content-layout":"default","site-content-style":"default","site-sidebar-style":"default","ast-global-header-display":"","ast-banner-title-visibility":"","ast-main-header-display":"","ast-hfb-above-header-display":"","ast-hfb-below-header-display":"","ast-hfb-mobile-header-display":"","site-post-title":"","ast-breadcrumbs-content":"","ast-featured-img":"","footer-sml-layout":"","ast-disable-related-posts":"","theme-transparent-header-meta":"","adv-header-id-meta":"","stick-header-meta":"","header-above-stick-meta":"","header-main-stick-meta":"","header-below-stick-meta":"","astra-migrate-meta-layouts":"default","ast-page-background-enabled":"default","ast-page-background-meta":{"desktop":{"background-color":"var(--ast-global-color-5)","background-image":"","background-repeat":"repeat","background-position":"center center","background-size":"auto","background-attachment":"scroll","background-type":"","background-media":"","overlay-type":"","overlay-color":"","overlay-opacity":"","overlay-gradient":""},"tablet":{"background-color":"","background-image":"","background-repeat":"repeat","background-position":"center center","background-size":"auto","background-attachment":"scroll","background-type":"","background-media":"","overlay-type":"","overlay-color":"","overlay-opacity":"","overlay-gradient":""},"mobile":{"background-color":"","background-image":"","background-repeat":"repeat","background-position":"center center","background-size":"auto","background-attachment":"scroll","background-type":"","background-media":"","overlay-type":"","overlay-color":"","overlay-opacity":"","overlay-gradient":""}},"ast-content-background-meta":{"desktop":{"background-color":"var(--ast-global-color-4)","background-image":"","background-repeat":"repeat","background-position":"center center","background-size":"auto","background-attachment":"scroll","background-type":"","background-media":"","overlay-type":"","overlay-color":"","overlay-opacity":"","overlay-gradient":""},"tablet":{"background-color":"var(--ast-global-color-4)","background-image":"","background-repeat":"repeat","background-position":"center center","background-size":"auto","background-attachment":"scroll","background-type":"","background-media":"","overlay-type":"","overlay-color":"","overlay-opacity":"","overlay-gradient":""},"mobile":{"background-color":"var(--ast-global-color-4)","background-image":"","background-repeat":"repeat","background-position":"center center","background-size":"auto","background-attachment":"scroll","background-type":"","background-media":"","overlay-type":"","overlay-color":"","overlay-opacity":"","overlay-gradient":""}},"footnotes":""},"class_list":["post-42","page","type-page","status-publish","hentry"],"yoast_head":"<!-- This site is optimized with the Yoast SEO plugin v27.2 - https:\/\/yoast.com\/product\/yoast-seo-wordpress\/ -->\n<title>Zam\u00f3wienia personalizowane - Aura Bijou<\/title>\n<meta name=\"robots\" content=\"index, follow, max-snippet:-1, max-image-preview:large, max-video-preview:-1\" \/>\n<link rel=\"canonical\" href=\"https:\/\/229.wordpressalk.pl\/index.php\/zamowienia-personalizowane\/\" \/>\n<meta property=\"og:locale\" content=\"pl_PL\" \/>\n<meta property=\"og:type\" content=\"article\" \/>\n<meta property=\"og:title\" content=\"Zam\u00f3wienia personalizowane - Aura Bijou\" \/>\n<meta property=\"og:description\" content=\"Twoja historia zakl\u0119ta w kamieniu &nbsp; Ka\u017cda bi\u017cuteria mo\u017ce by\u0107 pi\u0119kna, ale dopiero personalizacja sprawia, \u017ce staje si\u0119 naprawd\u0119&nbsp;Twoja. W mojej pracowni od pocz\u0105tku istnienia wierz\u0119, \u017ce bi\u017cuteria powinna by\u0107 nie tylko ozdob\u0105, ale tak\u017ce opowie\u015bci\u0105 \u2013 o uczuciach, intencjach, wspomnieniach. Dlatego z sercem realizuj\u0119 projekty na zam\u00f3wienie, dostosowane do wyj\u0105tkowych os\u00f3b i ich indywidualnych [&hellip;]\" \/>\n<meta property=\"og:url\" content=\"https:\/\/229.wordpressalk.pl\/index.php\/zamowienia-personalizowane\/\" \/>\n<meta property=\"og:site_name\" content=\"Aura Bijou\" \/>\n<meta property=\"article:modified_time\" content=\"2026-04-26T10:41:06+00:00\" \/>\n<meta property=\"og:image\" content=\"https:\/\/aurabijou.pl\/wp-content\/uploads\/2025\/06\/DSC_3048-1024x819.jpg\" \/>\n<meta name=\"twitter:card\" content=\"summary_large_image\" \/>\n<meta name=\"twitter:label1\" content=\"Szacowany czas czytania\" \/>\n\t<meta name=\"twitter:data1\" content=\"4 minuty\" \/>\n<script type=\"application\/ld+json\" class=\"yoast-schema-graph\">{\"@context\":\"https:\/\/schema.org\",\"@graph\":[{\"@type\":\"WebPage\",\"@id\":\"https:\/\/229.wordpressalk.pl\/index.php\/zamowienia-personalizowane\/\",\"url\":\"https:\/\/229.wordpressalk.pl\/index.php\/zamowienia-personalizowane\/\",\"name\":\"Zam\u00f3wienia personalizowane - Aura Bijou\",\"isPartOf\":{\"@id\":\"https:\/\/229.wordpressalk.pl\/#website\"},\"primaryImageOfPage\":{\"@id\":\"https:\/\/229.wordpressalk.pl\/index.php\/zamowienia-personalizowane\/#primaryimage\"},\"image\":{\"@id\":\"https:\/\/229.wordpressalk.pl\/index.php\/zamowienia-personalizowane\/#primaryimage\"},\"thumbnailUrl\":\"https:\/\/aurabijou.pl\/wp-content\/uploads\/2025\/06\/DSC_3048-1024x819.jpg\",\"datePublished\":\"2026-03-29T10:36:13+00:00\",\"dateModified\":\"2026-04-26T10:41:06+00:00\",\"breadcrumb\":{\"@id\":\"https:\/\/229.wordpressalk.pl\/index.php\/zamowienia-personalizowane\/#breadcrumb\"},\"inLanguage\":\"pl-PL\",\"potentialAction\":[{\"@type\":\"ReadAction\",\"target\":[\"https:\/\/229.wordpressalk.pl\/index.php\/zamowienia-personalizowane\/\"]}]},{\"@type\":\"ImageObject\",\"inLanguage\":\"pl-PL\",\"@id\":\"https:\/\/229.wordpressalk.pl\/index.php\/zamowienia-personalizowane\/#primaryimage\",\"url\":\"https:\/\/aurabijou.pl\/wp-content\/uploads\/2025\/06\/DSC_3048-1024x819.jpg\",\"contentUrl\":\"https:\/\/aurabijou.pl\/wp-content\/uploads\/2025\/06\/DSC_3048-1024x819.jpg\"},{\"@type\":\"BreadcrumbList\",\"@id\":\"https:\/\/229.wordpressalk.pl\/index.php\/zamowienia-personalizowane\/#breadcrumb\",\"itemListElement\":[{\"@type\":\"ListItem\",\"position\":1,\"name\":\"Strona g\u0142\u00f3wna\",\"item\":\"https:\/\/229.wordpressalk.pl\/\"},{\"@type\":\"ListItem\",\"position\":2,\"name\":\"Zam\u00f3wienia personalizowane\"}]},{\"@type\":\"WebSite\",\"@id\":\"https:\/\/229.wordpressalk.pl\/#website\",\"url\":\"https:\/\/229.wordpressalk.pl\/\",\"name\":\"Aura Bijou\",\"description\":\"Tw\u00f3j ulubiony sklep z bi\u017cuteri\u0105\",\"publisher\":{\"@id\":\"https:\/\/229.wordpressalk.pl\/#organization\"},\"potentialAction\":[{\"@type\":\"SearchAction\",\"target\":{\"@type\":\"EntryPoint\",\"urlTemplate\":\"https:\/\/229.wordpressalk.pl\/?s={search_term_string}\"},\"query-input\":{\"@type\":\"PropertyValueSpecification\",\"valueRequired\":true,\"valueName\":\"search_term_string\"}}],\"inLanguage\":\"pl-PL\"},{\"@type\":\"Organization\",\"@id\":\"https:\/\/229.wordpressalk.pl\/#organization\",\"name\":\"Aura Bijou\",\"url\":\"https:\/\/229.wordpressalk.pl\/\",\"logo\":{\"@type\":\"ImageObject\",\"inLanguage\":\"pl-PL\",\"@id\":\"https:\/\/229.wordpressalk.pl\/#\/schema\/logo\/image\/\",\"url\":\"https:\/\/229.wordpressalk.pl\/wp-content\/uploads\/2026\/04\/cropped-Zrzut-ekranu-2025-01-29-124325.png\",\"contentUrl\":\"https:\/\/229.wordpressalk.pl\/wp-content\/uploads\/2026\/04\/cropped-Zrzut-ekranu-2025-01-29-124325.png\",\"width\":541,\"height\":263,\"caption\":\"Aura Bijou\"},\"image\":{\"@id\":\"https:\/\/229.wordpressalk.pl\/#\/schema\/logo\/image\/\"}}]}<\/script>\n<!-- \/ Yoast SEO plugin. -->","yoast_head_json":{"title":"Zam\u00f3wienia personalizowane - Aura Bijou","robots":{"index":"index","follow":"follow","max-snippet":"max-snippet:-1","max-image-preview":"max-image-preview:large","max-video-preview":"max-video-preview:-1"},"canonical":"https:\/\/229.wordpressalk.pl\/index.php\/zamowienia-personalizowane\/","og_locale":"pl_PL","og_type":"article","og_title":"Zam\u00f3wienia personalizowane - Aura Bijou","og_description":"Twoja historia zakl\u0119ta w kamieniu &nbsp; Ka\u017cda bi\u017cuteria mo\u017ce by\u0107 pi\u0119kna, ale dopiero personalizacja sprawia, \u017ce staje si\u0119 naprawd\u0119&nbsp;Twoja. W mojej pracowni od pocz\u0105tku istnienia wierz\u0119, \u017ce bi\u017cuteria powinna by\u0107 nie tylko ozdob\u0105, ale tak\u017ce opowie\u015bci\u0105 \u2013 o uczuciach, intencjach, wspomnieniach. Dlatego z sercem realizuj\u0119 projekty na zam\u00f3wienie, dostosowane do wyj\u0105tkowych os\u00f3b i ich indywidualnych [&hellip;]","og_url":"https:\/\/229.wordpressalk.pl\/index.php\/zamowienia-personalizowane\/","og_site_name":"Aura Bijou","article_modified_time":"2026-04-26T10:41:06+00:00","og_image":[{"url":"https:\/\/aurabijou.pl\/wp-content\/uploads\/2025\/06\/DSC_3048-1024x819.jpg","type":"","width":"","height":""}],"twitter_card":"summary_large_image","twitter_misc":{"Szacowany czas czytania":"4 minuty"},"schema":{"@context":"https:\/\/schema.org","@graph":[{"@type":"WebPage","@id":"https:\/\/229.wordpressalk.pl\/index.php\/zamowienia-personalizowane\/","url":"https:\/\/229.wordpressalk.pl\/index.php\/zamowienia-personalizowane\/","name":"Zam\u00f3wienia personalizowane - Aura Bijou","isPartOf":{"@id":"https:\/\/229.wordpressalk.pl\/#website"},"primaryImageOfPage":{"@id":"https:\/\/229.wordpressalk.pl\/index.php\/zamowienia-personalizowane\/#primaryimage"},"image":{"@id":"https:\/\/229.wordpressalk.pl\/index.php\/zamowienia-personalizowane\/#primaryimage"},"thumbnailUrl":"https:\/\/aurabijou.pl\/wp-content\/uploads\/2025\/06\/DSC_3048-1024x819.jpg","datePublished":"2026-03-29T10:36:13+00:00","dateModified":"2026-04-26T10:41:06+00:00","breadcrumb":{"@id":"https:\/\/229.wordpressalk.pl\/index.php\/zamowienia-personalizowane\/#breadcrumb"},"inLanguage":"pl-PL","potentialAction":[{"@type":"ReadAction","target":["https:\/\/229.wordpressalk.pl\/index.php\/zamowienia-personalizowane\/"]}]},{"@type":"ImageObject","inLanguage":"pl-PL","@id":"https:\/\/229.wordpressalk.pl\/index.php\/zamowienia-personalizowane\/#primaryimage","url":"https:\/\/aurabijou.pl\/wp-content\/uploads\/2025\/06\/DSC_3048-1024x819.jpg","contentUrl":"https:\/\/aurabijou.pl\/wp-content\/uploads\/2025\/06\/DSC_3048-1024x819.jpg"},{"@type":"BreadcrumbList","@id":"https:\/\/229.wordpressalk.pl\/index.php\/zamowienia-personalizowane\/#breadcrumb","itemListElement":[{"@type":"ListItem","position":1,"name":"Strona g\u0142\u00f3wna","item":"https:\/\/229.wordpressalk.pl\/"},{"@type":"ListItem","position":2,"name":"Zam\u00f3wienia personalizowane"}]},{"@type":"WebSite","@id":"https:\/\/229.wordpressalk.pl\/#website","url":"https:\/\/229.wordpressalk.pl\/","name":"Aura Bijou","description":"Tw\u00f3j ulubiony sklep z bi\u017cuteri\u0105","publisher":{"@id":"https:\/\/229.wordpressalk.pl\/#organization"},"potentialAction":[{"@type":"SearchAction","target":{"@type":"EntryPoint","urlTemplate":"https:\/\/229.wordpressalk.pl\/?s={search_term_string}"},"query-input":{"@type":"PropertyValueSpecification","valueRequired":true,"valueName":"search_term_string"}}],"inLanguage":"pl-PL"},{"@type":"Organization","@id":"https:\/\/229.wordpressalk.pl\/#organization","name":"Aura Bijou","url":"https:\/\/229.wordpressalk.pl\/","logo":{"@type":"ImageObject","inLanguage":"pl-PL","@id":"https:\/\/229.wordpressalk.pl\/#\/schema\/logo\/image\/","url":"https:\/\/229.wordpressalk.pl\/wp-content\/uploads\/2026\/04\/cropped-Zrzut-ekranu-2025-01-29-124325.png","contentUrl":"https:\/\/229.wordpressalk.pl\/wp-content\/uploads\/2026\/04\/cropped-Zrzut-ekranu-2025-01-29-124325.png","width":541,"height":263,"caption":"Aura Bijou"},"image":{"@id":"https:\/\/229.wordpressalk.pl\/#\/schema\/logo\/image\/"}}]}},"_links":{"self":[{"href":"https:\/\/229.wordpressalk.pl\/index.php\/wp-json\/wp\/v2\/pages\/42","targetHints":{"allow":["GET"]}}],"collection":[{"href":"https:\/\/229.wordpressalk.pl\/index.php\/wp-json\/wp\/v2\/pages"}],"about":[{"href":"https:\/\/229.wordpressalk.pl\/index.php\/wp-json\/wp\/v2\/types\/page"}],"author":[{"embeddable":true,"href":"https:\/\/229.wordpressalk.pl\/index.php\/wp-json\/wp\/v2\/users\/1"}],"replies":[{"embeddable":true,"href":"https:\/\/229.wordpressalk.pl\/index.php\/wp-json\/wp\/v2\/comments?post=42"}],"version-history":[{"count":6,"href":"https:\/\/229.wordpressalk.pl\/index.php\/wp-json\/wp\/v2\/pages\/42\/revisions"}],"predecessor-version":[{"id":111,"href":"https:\/\/229.wordpressalk.pl\/index.php\/wp-json\/wp\/v2\/pages\/42\/revisions\/111"}],"wp:attachment":[{"href":"https:\/\/229.wordpressalk.pl\/index.php\/wp-json\/wp\/v2\/media?parent=42"}],"curies":[{"name":"wp","href":"https:\/\/api.w.org\/{rel}","templated":true}]}}