{"id":70,"date":"2026-04-25T12:25:21","date_gmt":"2026-04-25T10:25:21","guid":{"rendered":"https:\/\/229.wordpressalk.pl\/index.php\/koszyk\/"},"modified":"2026-04-25T13:00:04","modified_gmt":"2026-04-25T11:00:04","slug":"koszyk","status":"publish","type":"page","link":"https:\/\/229.wordpressalk.pl\/index.php\/koszyk\/","title":{"rendered":"Koszyk"},"content":{"rendered":"\n<div data-block-name=\"woocommerce\/cart\" class=\"wp-block-woocommerce-cart alignwide is-loading\">\n<div data-block-name=\"woocommerce\/filled-cart-block\" class=\"wp-block-woocommerce-filled-cart-block\">\n<div data-block-name=\"woocommerce\/cart-items-block\" class=\"wp-block-woocommerce-cart-items-block\">\n<div data-block-name=\"woocommerce\/cart-line-items-block\" class=\"wp-block-woocommerce-cart-line-items-block\"><\/div>\n\n\n<\/div>\n\n\n\n\n<div data-block-name=\"woocommerce\/cart-totals-block\" class=\"wp-block-woocommerce-cart-totals-block\">\n<div data-block-name=\"woocommerce\/cart-order-summary-block\" class=\"wp-block-woocommerce-cart-order-summary-block\">\n<div data-block-name=\"woocommerce\/cart-order-summary-heading-block\" class=\"wp-block-woocommerce-cart-order-summary-heading-block\"><\/div><div data-block-name=\"woocommerce\/cart-order-summary-coupon-form-block\" class=\"wp-block-woocommerce-cart-order-summary-coupon-form-block\"><\/div><div data-block-name=\"woocommerce\/cart-order-summary-totals-block\" class=\"wp-block-woocommerce-cart-order-summary-totals-block\">\n<div data-block-name=\"woocommerce\/cart-order-summary-subtotal-block\" class=\"wp-block-woocommerce-cart-order-summary-subtotal-block\"><\/div>\n<div data-block-name=\"woocommerce\/cart-order-summary-discount-block\" class=\"wp-block-woocommerce-cart-order-summary-discount-block\"><\/div>\n<div data-block-name=\"woocommerce\/cart-order-summary-fee-block\" class=\"wp-block-woocommerce-cart-order-summary-fee-block\"><\/div>\n<div data-block-name=\"woocommerce\/cart-order-summary-shipping-block\" class=\"wp-block-woocommerce-cart-order-summary-shipping-block\"><\/div>\n<div data-block-name=\"woocommerce\/cart-order-summary-taxes-block\" class=\"wp-block-woocommerce-cart-order-summary-taxes-block\"><\/div><\/div>\n<\/div>\n\n\n\n<div data-block-name=\"woocommerce\/cart-express-payment-block\" class=\"wp-block-woocommerce-cart-express-payment-block\"><\/div>\n\n\n\n<div data-block-name=\"woocommerce\/proceed-to-checkout-block\" class=\"wp-block-woocommerce-proceed-to-checkout-block\"><\/div>\n\n\n\n<div data-block-name=\"woocommerce\/cart-accepted-payment-methods-block\" class=\"wp-block-woocommerce-cart-accepted-payment-methods-block\"><\/div>\n<\/div>\n<\/div>\n\n\n\n<div data-block-name=\"woocommerce\/empty-cart-block\" class=\"wp-block-woocommerce-empty-cart-block\">\n<h2 class=\"wp-block-heading has-text-align-center with-empty-cart-icon wc-block-cart__empty-cart__title\">Tw\u00f3j koszyk jest obecnie pusty!<\/h2>\n\n\n\n<hr class=\"wp-block-separator has-alpha-channel-opacity is-style-dots\"\/>\n\n\n\n<h2 class=\"wp-block-heading has-text-align-center\">Nowe w sklepie<\/h2>\n\n\n<div data-block-name=\"woocommerce\/product-new\" data-columns=\"4\" data-rows=\"1\" class=\"wc-block-grid wp-block-product-new wp-block-woocommerce-product-new wc-block-product-new has-4-columns\"><ul class=\"wc-block-grid__products\"><li class=\"wc-block-grid__product\">\n\t\t\t\t<a href=\"https:\/\/229.wordpressalk.pl\/index.php\/produkt\/tiny-moon-zlota-lunula-ze-stali-szlachetnej\/\" class=\"wc-block-grid__product-link\">\n\t\t\t\t\t\n\t\t\t\t\t<div class=\"wc-block-grid__product-image\"><img fetchpriority=\"high\" width=\"300\" height=\"300\" src=\"https:\/\/229.wordpressalk.pl\/wp-content\/uploads\/2026\/04\/DSC_6413-300x300.jpg\" class=\"attachment-woocommerce_thumbnail size-woocommerce_thumbnail\" alt=\"\u201eTiny Moon\u201d \u2013 z\u0142ota lunula ze stali szlachetnej\" srcset=\"https:\/\/229.wordpressalk.pl\/wp-content\/uploads\/2026\/04\/DSC_6413-300x300.jpg 300w, https:\/\/229.wordpressalk.pl\/wp-content\/uploads\/2026\/04\/DSC_6413-100x100.jpg 100w, https:\/\/229.wordpressalk.pl\/wp-content\/uploads\/2026\/04\/DSC_6413-150x150.jpg 150w\" sizes=\"(max-width: 300px) 100vw, 300px\" \/><\/div>\n\t\t\t\t\t<div class=\"wc-block-grid__product-title\">\u201eTiny Moon\u201d \u2013 z\u0142ota lunula ze stali szlachetnej<\/div>\n\t\t\t\t<\/a>\n\t\t\t\t<div class=\"wc-block-grid__product-price price\"><span class=\"woocommerce-Price-amount amount\" aria-hidden=\"true\">99,00&nbsp;<span class=\"woocommerce-Price-currencySymbol\">&#122;&#322;<\/span><\/span> <span aria-hidden=\"true\">&ndash;<\/span> <span class=\"woocommerce-Price-amount amount\" aria-hidden=\"true\">119,00&nbsp;<span class=\"woocommerce-Price-currencySymbol\">&#122;&#322;<\/span><\/span><span class=\"screen-reader-text\">Zakres cen: od 99,00&nbsp;&#122;&#322; do 119,00&nbsp;&#122;&#322;<\/span><\/div>\n\t\t\t\t\n\t\t\t\t<div class=\"wp-block-button wc-block-grid__product-add-to-cart\"><a href=\"https:\/\/229.wordpressalk.pl\/index.php\/produkt\/tiny-moon-zlota-lunula-ze-stali-szlachetnej\/\" aria-label=\"Wybierz opcje dla &bdquo;\u201eTiny Moon\u201d \u2013 z\u0142ota lunula ze stali szlachetnej&rdquo;\" data-quantity=\"1\" data-product_id=\"80\" data-product_sku=\"\" data-price=\"99\" rel=\"nofollow\" class=\"wp-block-button__link  add_to_cart_button\">Wybierz opcje<\/a><\/div>\n\t\t\t<\/li><li class=\"wc-block-grid__product\">\n\t\t\t\t<a href=\"https:\/\/229.wordpressalk.pl\/index.php\/produkt\/vintage-ring-srebrny-pierscionek-z-rubinem\/\" class=\"wc-block-grid__product-link\">\n\t\t\t\t\t\n\t\t\t\t\t<div class=\"wc-block-grid__product-image\"><img width=\"300\" height=\"300\" data-src=\"https:\/\/229.wordpressalk.pl\/wp-content\/uploads\/2026\/04\/rubin-1.3-300x300.jpg\" class=\"attachment-woocommerce_thumbnail size-woocommerce_thumbnail lazyload\" alt=\"Vintage Ring \u2014 srebrny pier\u015bcionek z rubinem w kszta\u0142cie \u0142ezki \u2014 rozmiar 15\" data-srcset=\"https:\/\/229.wordpressalk.pl\/wp-content\/uploads\/2026\/04\/rubin-1.3-300x300.jpg 300w, https:\/\/229.wordpressalk.pl\/wp-content\/uploads\/2026\/04\/rubin-1.3-100x100.jpg 100w, https:\/\/229.wordpressalk.pl\/wp-content\/uploads\/2026\/04\/rubin-1.3-150x150.jpg 150w\" data-sizes=\"(max-width: 300px) 100vw, 300px\" src=\"data:image\/svg+xml;base64,PHN2ZyB3aWR0aD0iMSIgaGVpZ2h0PSIxIiB4bWxucz0iaHR0cDovL3d3dy53My5vcmcvMjAwMC9zdmciPjwvc3ZnPg==\" style=\"--smush-placeholder-width: 300px; --smush-placeholder-aspect-ratio: 300\/300;\" \/><\/div>\n\t\t\t\t\t<div class=\"wc-block-grid__product-title\">Vintage Ring \u2014 srebrny pier\u015bcionek z rubinem w kszta\u0142cie \u0142ezki \u2014 rozmiar 15<\/div>\n\t\t\t\t<\/a>\n\t\t\t\t<div class=\"wc-block-grid__product-price price\"><span class=\"woocommerce-Price-amount amount\">269,00&nbsp;<span class=\"woocommerce-Price-currencySymbol\">&#122;&#322;<\/span><\/span><\/div>\n\t\t\t\t\n\t\t\t\t<div class=\"wp-block-button wc-block-grid__product-add-to-cart\"><a href=\"\/index.php\/wp-json\/wp\/v2\/pages\/70?add-to-cart=74\" aria-label=\"Dodaj do koszyka: &bdquo;Vintage Ring \u2014 srebrny pier\u015bcionek z rubinem w kszta\u0142cie \u0142ezki \u2014 rozmiar 15&rdquo;\" data-quantity=\"1\" data-product_id=\"74\" data-product_sku=\"\" data-price=\"269\" rel=\"nofollow\" class=\"wp-block-button__link  add_to_cart_button ajax_add_to_cart\">Dodaj do koszyka<\/a><\/div>\n\t\t\t<\/li><\/ul><\/div><\/div>\n<\/div>\n","protected":false},"excerpt":{"rendered":"","protected":false},"author":1,"featured_media":0,"parent":0,"menu_order":0,"comment_status":"closed","ping_status":"closed","template":"","meta":{"site-sidebar-layout":"default","site-content-layout":"","ast-site-content-layout":"default","site-content-style":"default","site-sidebar-style":"default","ast-global-header-display":"","ast-banner-title-visibility":"","ast-main-header-display":"","ast-hfb-above-header-display":"","ast-hfb-below-header-display":"","ast-hfb-mobile-header-display":"","site-post-title":"","ast-breadcrumbs-content":"","ast-featured-img":"","footer-sml-layout":"","ast-disable-related-posts":"","theme-transparent-header-meta":"","adv-header-id-meta":"","stick-header-meta":"","header-above-stick-meta":"","header-main-stick-meta":"","header-below-stick-meta":"","astra-migrate-meta-layouts":"default","ast-page-background-enabled":"default","ast-page-background-meta":{"desktop":{"background-color":"var(--ast-global-color-5)","background-image":"","background-repeat":"repeat","background-position":"center center","background-size":"auto","background-attachment":"scroll","background-type":"","background-media":"","overlay-type":"","overlay-color":"","overlay-opacity":"","overlay-gradient":""},"tablet":{"background-color":"","background-image":"","background-repeat":"repeat","background-position":"center center","background-size":"auto","background-attachment":"scroll","background-type":"","background-media":"","overlay-type":"","overlay-color":"","overlay-opacity":"","overlay-gradient":""},"mobile":{"background-color":"","background-image":"","background-repeat":"repeat","background-position":"center center","background-size":"auto","background-attachment":"scroll","background-type":"","background-media":"","overlay-type":"","overlay-color":"","overlay-opacity":"","overlay-gradient":""}},"ast-content-background-meta":{"desktop":{"background-color":"var(--ast-global-color-4)","background-image":"","background-repeat":"repeat","background-position":"center center","background-size":"auto","background-attachment":"scroll","background-type":"","background-media":"","overlay-type":"","overlay-color":"","overlay-opacity":"","overlay-gradient":""},"tablet":{"background-color":"var(--ast-global-color-4)","background-image":"","background-repeat":"repeat","background-position":"center center","background-size":"auto","background-attachment":"scroll","background-type":"","background-media":"","overlay-type":"","overlay-color":"","overlay-opacity":"","overlay-gradient":""},"mobile":{"background-color":"var(--ast-global-color-4)","background-image":"","background-repeat":"repeat","background-position":"center center","background-size":"auto","background-attachment":"scroll","background-type":"","background-media":"","overlay-type":"","overlay-color":"","overlay-opacity":"","overlay-gradient":""}},"footnotes":""},"class_list":["post-70","page","type-page","status-publish","hentry"],"yoast_head":"<!-- This site is optimized with the Yoast SEO plugin v27.2 - https:\/\/yoast.com\/product\/yoast-seo-wordpress\/ -->\n<title>Koszyk - Aura Bijou<\/title>\n<meta name=\"robots\" content=\"index, follow, max-snippet:-1, max-image-preview:large, max-video-preview:-1\" \/>\n<link rel=\"canonical\" href=\"https:\/\/229.wordpressalk.pl\/index.php\/koszyk\/\" \/>\n<meta property=\"og:locale\" content=\"pl_PL\" \/>\n<meta property=\"og:type\" content=\"article\" \/>\n<meta property=\"og:title\" content=\"Koszyk - Aura Bijou\" \/>\n<meta property=\"og:url\" content=\"https:\/\/229.wordpressalk.pl\/index.php\/koszyk\/\" \/>\n<meta property=\"og:site_name\" content=\"Aura Bijou\" \/>\n<meta property=\"article:modified_time\" content=\"2026-04-25T11:00:04+00:00\" \/>\n<meta name=\"twitter:card\" content=\"summary_large_image\" \/>\n<script type=\"application\/ld+json\" class=\"yoast-schema-graph\">{\"@context\":\"https:\/\/schema.org\",\"@graph\":[{\"@type\":\"WebPage\",\"@id\":\"https:\/\/229.wordpressalk.pl\/index.php\/koszyk\/\",\"url\":\"https:\/\/229.wordpressalk.pl\/index.php\/koszyk\/\",\"name\":\"Koszyk - Aura Bijou\",\"isPartOf\":{\"@id\":\"https:\/\/229.wordpressalk.pl\/#website\"},\"datePublished\":\"2026-04-25T10:25:21+00:00\",\"dateModified\":\"2026-04-25T11:00:04+00:00\",\"breadcrumb\":{\"@id\":\"https:\/\/229.wordpressalk.pl\/index.php\/koszyk\/#breadcrumb\"},\"inLanguage\":\"pl-PL\",\"potentialAction\":[{\"@type\":\"ReadAction\",\"target\":[\"https:\/\/229.wordpressalk.pl\/index.php\/koszyk\/\"]}]},{\"@type\":\"BreadcrumbList\",\"@id\":\"https:\/\/229.wordpressalk.pl\/index.php\/koszyk\/#breadcrumb\",\"itemListElement\":[{\"@type\":\"ListItem\",\"position\":1,\"name\":\"Strona g\u0142\u00f3wna\",\"item\":\"https:\/\/229.wordpressalk.pl\/\"},{\"@type\":\"ListItem\",\"position\":2,\"name\":\"Koszyk\"}]},{\"@type\":\"WebSite\",\"@id\":\"https:\/\/229.wordpressalk.pl\/#website\",\"url\":\"https:\/\/229.wordpressalk.pl\/\",\"name\":\"Aura Bijou\",\"description\":\"Tw\u00f3j ulubiony sklep z bi\u017cuteri\u0105\",\"publisher\":{\"@id\":\"https:\/\/229.wordpressalk.pl\/#organization\"},\"potentialAction\":[{\"@type\":\"SearchAction\",\"target\":{\"@type\":\"EntryPoint\",\"urlTemplate\":\"https:\/\/229.wordpressalk.pl\/?s={search_term_string}\"},\"query-input\":{\"@type\":\"PropertyValueSpecification\",\"valueRequired\":true,\"valueName\":\"search_term_string\"}}],\"inLanguage\":\"pl-PL\"},{\"@type\":\"Organization\",\"@id\":\"https:\/\/229.wordpressalk.pl\/#organization\",\"name\":\"Aura Bijou\",\"url\":\"https:\/\/229.wordpressalk.pl\/\",\"logo\":{\"@type\":\"ImageObject\",\"inLanguage\":\"pl-PL\",\"@id\":\"https:\/\/229.wordpressalk.pl\/#\/schema\/logo\/image\/\",\"url\":\"https:\/\/229.wordpressalk.pl\/wp-content\/uploads\/2026\/04\/cropped-Zrzut-ekranu-2025-01-29-124325.png\",\"contentUrl\":\"https:\/\/229.wordpressalk.pl\/wp-content\/uploads\/2026\/04\/cropped-Zrzut-ekranu-2025-01-29-124325.png\",\"width\":541,\"height\":263,\"caption\":\"Aura Bijou\"},\"image\":{\"@id\":\"https:\/\/229.wordpressalk.pl\/#\/schema\/logo\/image\/\"}}]}<\/script>\n<!-- \/ Yoast SEO plugin. -->","yoast_head_json":{"title":"Koszyk - Aura Bijou","robots":{"index":"index","follow":"follow","max-snippet":"max-snippet:-1","max-image-preview":"max-image-preview:large","max-video-preview":"max-video-preview:-1"},"canonical":"https:\/\/229.wordpressalk.pl\/index.php\/koszyk\/","og_locale":"pl_PL","og_type":"article","og_title":"Koszyk - Aura Bijou","og_url":"https:\/\/229.wordpressalk.pl\/index.php\/koszyk\/","og_site_name":"Aura Bijou","article_modified_time":"2026-04-25T11:00:04+00:00","twitter_card":"summary_large_image","schema":{"@context":"https:\/\/schema.org","@graph":[{"@type":"WebPage","@id":"https:\/\/229.wordpressalk.pl\/index.php\/koszyk\/","url":"https:\/\/229.wordpressalk.pl\/index.php\/koszyk\/","name":"Koszyk - Aura Bijou","isPartOf":{"@id":"https:\/\/229.wordpressalk.pl\/#website"},"datePublished":"2026-04-25T10:25:21+00:00","dateModified":"2026-04-25T11:00:04+00:00","breadcrumb":{"@id":"https:\/\/229.wordpressalk.pl\/index.php\/koszyk\/#breadcrumb"},"inLanguage":"pl-PL","potentialAction":[{"@type":"ReadAction","target":["https:\/\/229.wordpressalk.pl\/index.php\/koszyk\/"]}]},{"@type":"BreadcrumbList","@id":"https:\/\/229.wordpressalk.pl\/index.php\/koszyk\/#breadcrumb","itemListElement":[{"@type":"ListItem","position":1,"name":"Strona g\u0142\u00f3wna","item":"https:\/\/229.wordpressalk.pl\/"},{"@type":"ListItem","position":2,"name":"Koszyk"}]},{"@type":"WebSite","@id":"https:\/\/229.wordpressalk.pl\/#website","url":"https:\/\/229.wordpressalk.pl\/","name":"Aura Bijou","description":"Tw\u00f3j ulubiony sklep z bi\u017cuteri\u0105","publisher":{"@id":"https:\/\/229.wordpressalk.pl\/#organization"},"potentialAction":[{"@type":"SearchAction","target":{"@type":"EntryPoint","urlTemplate":"https:\/\/229.wordpressalk.pl\/?s={search_term_string}"},"query-input":{"@type":"PropertyValueSpecification","valueRequired":true,"valueName":"search_term_string"}}],"inLanguage":"pl-PL"},{"@type":"Organization","@id":"https:\/\/229.wordpressalk.pl\/#organization","name":"Aura Bijou","url":"https:\/\/229.wordpressalk.pl\/","logo":{"@type":"ImageObject","inLanguage":"pl-PL","@id":"https:\/\/229.wordpressalk.pl\/#\/schema\/logo\/image\/","url":"https:\/\/229.wordpressalk.pl\/wp-content\/uploads\/2026\/04\/cropped-Zrzut-ekranu-2025-01-29-124325.png","contentUrl":"https:\/\/229.wordpressalk.pl\/wp-content\/uploads\/2026\/04\/cropped-Zrzut-ekranu-2025-01-29-124325.png","width":541,"height":263,"caption":"Aura Bijou"},"image":{"@id":"https:\/\/229.wordpressalk.pl\/#\/schema\/logo\/image\/"}}]}},"_links":{"self":[{"href":"https:\/\/229.wordpressalk.pl\/index.php\/wp-json\/wp\/v2\/pages\/70","targetHints":{"allow":["GET"]}}],"collection":[{"href":"https:\/\/229.wordpressalk.pl\/index.php\/wp-json\/wp\/v2\/pages"}],"about":[{"href":"https:\/\/229.wordpressalk.pl\/index.php\/wp-json\/wp\/v2\/types\/page"}],"author":[{"embeddable":true,"href":"https:\/\/229.wordpressalk.pl\/index.php\/wp-json\/wp\/v2\/users\/1"}],"replies":[{"embeddable":true,"href":"https:\/\/229.wordpressalk.pl\/index.php\/wp-json\/wp\/v2\/comments?post=70"}],"version-history":[{"count":1,"href":"https:\/\/229.wordpressalk.pl\/index.php\/wp-json\/wp\/v2\/pages\/70\/revisions"}],"predecessor-version":[{"id":89,"href":"https:\/\/229.wordpressalk.pl\/index.php\/wp-json\/wp\/v2\/pages\/70\/revisions\/89"}],"wp:attachment":[{"href":"https:\/\/229.wordpressalk.pl\/index.php\/wp-json\/wp\/v2\/media?parent=70"}],"curies":[{"name":"wp","href":"https:\/\/api.w.org\/{rel}","templated":true}]}}