{"id":80,"date":"2026-04-25T12:31:30","date_gmt":"2026-04-25T10:31:30","guid":{"rendered":"https:\/\/229.wordpressalk.pl\/?post_type=product&#038;p=80"},"modified":"2026-04-26T12:03:22","modified_gmt":"2026-04-26T10:03:22","slug":"tiny-moon-zlota-lunula-ze-stali-szlachetnej","status":"publish","type":"product","link":"https:\/\/229.wordpressalk.pl\/index.php\/produkt\/tiny-moon-zlota-lunula-ze-stali-szlachetnej\/","title":{"rendered":"\u201eTiny Moon\u201d \u2013 z\u0142ota lunula ze stali szlachetnej"},"content":{"rendered":"<p data-start=\"641\" data-end=\"788\"><img class=\"emoji lazyload\" role=\"img\" draggable=\"false\" data-src=\"https:\/\/s.w.org\/images\/core\/emoji\/17.0.2\/svg\/1f538.svg\" alt=\"&#x1f538;\" src=\"data:image\/svg+xml;base64,PHN2ZyB3aWR0aD0iMSIgaGVpZ2h0PSIxIiB4bWxucz0iaHR0cDovL3d3dy53My5vcmcvMjAwMC9zdmciPjwvc3ZnPg==\" \/> <strong data-start=\"644\" data-end=\"657\">Materia\u0142:<\/strong> stal szlachetna (hipoalergiczna, nie ciemnieje)<br data-start=\"705\" data-end=\"708\" \/><img class=\"emoji lazyload\" role=\"img\" draggable=\"false\" data-src=\"https:\/\/s.w.org\/images\/core\/emoji\/17.0.2\/svg\/1f538.svg\" alt=\"&#x1f538;\" src=\"data:image\/svg+xml;base64,PHN2ZyB3aWR0aD0iMSIgaGVpZ2h0PSIxIiB4bWxucz0iaHR0cDovL3d3dy53My5vcmcvMjAwMC9zdmciPjwvc3ZnPg==\" \/> <strong data-start=\"711\" data-end=\"721\">Kolor:<\/strong> z\u0142oty (wyj\u0105tkowo trwa\u0142e z\u0142ocenie)<br \/>\n<img class=\"emoji lazyload\" role=\"img\" draggable=\"false\" data-src=\"https:\/\/s.w.org\/images\/core\/emoji\/17.0.2\/svg\/1f538.svg\" alt=\"&#x1f538;\" src=\"data:image\/svg+xml;base64,PHN2ZyB3aWR0aD0iMSIgaGVpZ2h0PSIxIiB4bWxucz0iaHR0cDovL3d3dy53My5vcmcvMjAwMC9zdmciPjwvc3ZnPg==\" \/> <strong data-start=\"711\" data-end=\"721\">Szeroko\u015b\u0107 zawieszki:<\/strong> ok. 1,2 cm<\/p>\n","protected":false},"excerpt":{"rendered":"<p>Naszyjnik \u201eTiny Moon\u201d \u2013 z\u0142ota lunula ze stali szlachetnej (40\u201345,5\u202fcm). Subtelny, minimalistyczny talizman, symbol intuicji i kobiecej energii. <img class=\"emoji lazyload\" role=\"img\" draggable=\"false\" data-src=\"https:\/\/s.w.org\/images\/core\/emoji\/17.0.2\/svg\/2728.svg\" alt=\"&#x2728;\" src=\"data:image\/svg+xml;base64,PHN2ZyB3aWR0aD0iMSIgaGVpZ2h0PSIxIiB4bWxucz0iaHR0cDovL3d3dy53My5vcmcvMjAwMC9zdmciPjwvc3ZnPg==\" \/><img class=\"emoji lazyload\" role=\"img\" draggable=\"false\" data-src=\"https:\/\/s.w.org\/images\/core\/emoji\/17.0.2\/svg\/1f90d.svg\" alt=\"&#x1f90d;\" src=\"data:image\/svg+xml;base64,PHN2ZyB3aWR0aD0iMSIgaGVpZ2h0PSIxIiB4bWxucz0iaHR0cDovL3d3dy53My5vcmcvMjAwMC9zdmciPjwvc3ZnPg==\" \/><\/p>\n","protected":false},"featured_media":83,"comment_status":"open","ping_status":"closed","template":"","meta":{"site-sidebar-layout":"default","site-content-layout":"","ast-site-content-layout":"default","site-content-style":"default","site-sidebar-style":"default","ast-global-header-display":"","ast-banner-title-visibility":"","ast-main-header-display":"","ast-hfb-above-header-display":"","ast-hfb-below-header-display":"","ast-hfb-mobile-header-display":"","site-post-title":"","ast-breadcrumbs-content":"","ast-featured-img":"","footer-sml-layout":"","ast-disable-related-posts":"","theme-transparent-header-meta":"default","adv-header-id-meta":"","stick-header-meta":"","header-above-stick-meta":"","header-main-stick-meta":"","header-below-stick-meta":"","astra-migrate-meta-layouts":"set","ast-page-background-enabled":"default","ast-page-background-meta":{"desktop":{"background-color":"var(--ast-global-color-5)","background-image":"","background-repeat":"repeat","background-position":"center center","background-size":"auto","background-attachment":"scroll","background-type":"","background-media":"","overlay-type":"","overlay-color":"","overlay-opacity":"","overlay-gradient":""},"tablet":{"background-color":"","background-image":"","background-repeat":"repeat","background-position":"center center","background-size":"auto","background-attachment":"scroll","background-type":"","background-media":"","overlay-type":"","overlay-color":"","overlay-opacity":"","overlay-gradient":""},"mobile":{"background-color":"","background-image":"","background-repeat":"repeat","background-position":"center center","background-size":"auto","background-attachment":"scroll","background-type":"","background-media":"","overlay-type":"","overlay-color":"","overlay-opacity":"","overlay-gradient":""}},"ast-content-background-meta":{"desktop":{"background-color":"var(--ast-global-color-4)","background-image":"","background-repeat":"repeat","background-position":"center center","background-size":"auto","background-attachment":"scroll","background-type":"","background-media":"","overlay-type":"","overlay-color":"","overlay-opacity":"","overlay-gradient":""},"tablet":{"background-color":"var(--ast-global-color-4)","background-image":"","background-repeat":"repeat","background-position":"center center","background-size":"auto","background-attachment":"scroll","background-type":"","background-media":"","overlay-type":"","overlay-color":"","overlay-opacity":"","overlay-gradient":""},"mobile":{"background-color":"var(--ast-global-color-4)","background-image":"","background-repeat":"repeat","background-position":"center center","background-size":"auto","background-attachment":"scroll","background-type":"","background-media":"","overlay-type":"","overlay-color":"","overlay-opacity":"","overlay-gradient":""}}},"product_brand":[],"product_cat":[19],"product_tag":[],"class_list":{"0":"post-80","1":"product","2":"type-product","3":"status-publish","4":"has-post-thumbnail","6":"product_cat-bez-kategorii","7":"desktop-align-left","8":"tablet-align-left","9":"mobile-align-left","11":"first","12":"instock","13":"taxable","14":"shipping-taxable","15":"purchasable","16":"product-type-variable"},"yoast_head":"<!-- This site is optimized with the Yoast SEO plugin v27.2 - https:\/\/yoast.com\/product\/yoast-seo-wordpress\/ -->\n<title>\u201eTiny Moon\u201d \u2013 z\u0142ota lunula ze stali szlachetnej - Aura Bijou<\/title>\n<meta name=\"description\" content=\"Naszyjnik \u201eTiny Moon\u201d \u2013 z\u0142ota lunula ze stali szlachetnej (40\u201345,5\u202fcm). Subtelny, minimalistyczny talizman, symbol intuicji i kobiecej energii.\" \/>\n<meta name=\"robots\" content=\"index, follow, max-snippet:-1, max-image-preview:large, max-video-preview:-1\" \/>\n<link rel=\"canonical\" href=\"https:\/\/229.wordpressalk.pl\/index.php\/produkt\/tiny-moon-zlota-lunula-ze-stali-szlachetnej\/\" \/>\n<meta property=\"og:locale\" content=\"pl_PL\" \/>\n<meta property=\"og:type\" content=\"article\" \/>\n<meta property=\"og:title\" content=\"\u201eTiny Moon\u201d \u2013 z\u0142ota lunula ze stali szlachetnej - Aura Bijou\" \/>\n<meta property=\"og:description\" content=\"Naszyjnik \u201eTiny Moon\u201d \u2013 z\u0142ota lunula ze stali szlachetnej (40\u201345,5\u202fcm). Subtelny, minimalistyczny talizman, symbol intuicji i kobiecej energii.\" \/>\n<meta property=\"og:url\" content=\"https:\/\/229.wordpressalk.pl\/index.php\/produkt\/tiny-moon-zlota-lunula-ze-stali-szlachetnej\/\" \/>\n<meta property=\"og:site_name\" content=\"Aura Bijou\" \/>\n<meta property=\"article:modified_time\" content=\"2026-04-26T10:03:22+00:00\" \/>\n<meta property=\"og:image\" content=\"https:\/\/229.wordpressalk.pl\/wp-content\/uploads\/2026\/04\/DSC_6413.jpg\" \/>\n\t<meta property=\"og:image:width\" content=\"1798\" \/>\n\t<meta property=\"og:image:height\" content=\"1200\" \/>\n\t<meta property=\"og:image:type\" content=\"image\/jpeg\" \/>\n<meta name=\"twitter:card\" content=\"summary_large_image\" \/>\n<meta name=\"twitter:label1\" content=\"Szacowany czas czytania\" \/>\n\t<meta name=\"twitter:data1\" content=\"1 minuta\" \/>\n<script type=\"application\/ld+json\" class=\"yoast-schema-graph\">{\"@context\":\"https:\/\/schema.org\",\"@graph\":[{\"@type\":\"WebPage\",\"@id\":\"https:\/\/229.wordpressalk.pl\/index.php\/produkt\/tiny-moon-zlota-lunula-ze-stali-szlachetnej\/\",\"url\":\"https:\/\/229.wordpressalk.pl\/index.php\/produkt\/tiny-moon-zlota-lunula-ze-stali-szlachetnej\/\",\"name\":\"\u201eTiny Moon\u201d \u2013 z\u0142ota lunula ze stali szlachetnej - Aura Bijou\",\"isPartOf\":{\"@id\":\"https:\/\/229.wordpressalk.pl\/#website\"},\"primaryImageOfPage\":{\"@id\":\"https:\/\/229.wordpressalk.pl\/index.php\/produkt\/tiny-moon-zlota-lunula-ze-stali-szlachetnej\/#primaryimage\"},\"image\":{\"@id\":\"https:\/\/229.wordpressalk.pl\/index.php\/produkt\/tiny-moon-zlota-lunula-ze-stali-szlachetnej\/#primaryimage\"},\"thumbnailUrl\":\"https:\/\/229.wordpressalk.pl\/wp-content\/uploads\/2026\/04\/DSC_6413.jpg\",\"datePublished\":\"2026-04-25T10:31:30+00:00\",\"dateModified\":\"2026-04-26T10:03:22+00:00\",\"description\":\"Naszyjnik \u201eTiny Moon\u201d \u2013 z\u0142ota lunula ze stali szlachetnej (40\u201345,5\u202fcm). Subtelny, minimalistyczny talizman, symbol intuicji i kobiecej energii.\",\"breadcrumb\":{\"@id\":\"https:\/\/229.wordpressalk.pl\/index.php\/produkt\/tiny-moon-zlota-lunula-ze-stali-szlachetnej\/#breadcrumb\"},\"inLanguage\":\"pl-PL\",\"potentialAction\":[{\"@type\":\"ReadAction\",\"target\":[\"https:\/\/229.wordpressalk.pl\/index.php\/produkt\/tiny-moon-zlota-lunula-ze-stali-szlachetnej\/\"]}]},{\"@type\":\"ImageObject\",\"inLanguage\":\"pl-PL\",\"@id\":\"https:\/\/229.wordpressalk.pl\/index.php\/produkt\/tiny-moon-zlota-lunula-ze-stali-szlachetnej\/#primaryimage\",\"url\":\"https:\/\/229.wordpressalk.pl\/wp-content\/uploads\/2026\/04\/DSC_6413.jpg\",\"contentUrl\":\"https:\/\/229.wordpressalk.pl\/wp-content\/uploads\/2026\/04\/DSC_6413.jpg\",\"width\":1798,\"height\":1200},{\"@type\":\"BreadcrumbList\",\"@id\":\"https:\/\/229.wordpressalk.pl\/index.php\/produkt\/tiny-moon-zlota-lunula-ze-stali-szlachetnej\/#breadcrumb\",\"itemListElement\":[{\"@type\":\"ListItem\",\"position\":1,\"name\":\"Strona g\u0142\u00f3wna\",\"item\":\"https:\/\/229.wordpressalk.pl\/\"},{\"@type\":\"ListItem\",\"position\":2,\"name\":\"Sklep\",\"item\":\"https:\/\/229.wordpressalk.pl\/index.php\/sklep\/\"},{\"@type\":\"ListItem\",\"position\":3,\"name\":\"\u201eTiny Moon\u201d \u2013 z\u0142ota lunula ze stali szlachetnej\"}]},{\"@type\":\"WebSite\",\"@id\":\"https:\/\/229.wordpressalk.pl\/#website\",\"url\":\"https:\/\/229.wordpressalk.pl\/\",\"name\":\"Aura Bijou\",\"description\":\"Tw\u00f3j ulubiony sklep z bi\u017cuteri\u0105\",\"publisher\":{\"@id\":\"https:\/\/229.wordpressalk.pl\/#organization\"},\"potentialAction\":[{\"@type\":\"SearchAction\",\"target\":{\"@type\":\"EntryPoint\",\"urlTemplate\":\"https:\/\/229.wordpressalk.pl\/?s={search_term_string}\"},\"query-input\":{\"@type\":\"PropertyValueSpecification\",\"valueRequired\":true,\"valueName\":\"search_term_string\"}}],\"inLanguage\":\"pl-PL\"},{\"@type\":\"Organization\",\"@id\":\"https:\/\/229.wordpressalk.pl\/#organization\",\"name\":\"Aura Bijou\",\"url\":\"https:\/\/229.wordpressalk.pl\/\",\"logo\":{\"@type\":\"ImageObject\",\"inLanguage\":\"pl-PL\",\"@id\":\"https:\/\/229.wordpressalk.pl\/#\/schema\/logo\/image\/\",\"url\":\"https:\/\/229.wordpressalk.pl\/wp-content\/uploads\/2026\/04\/cropped-Zrzut-ekranu-2025-01-29-124325.png\",\"contentUrl\":\"https:\/\/229.wordpressalk.pl\/wp-content\/uploads\/2026\/04\/cropped-Zrzut-ekranu-2025-01-29-124325.png\",\"width\":541,\"height\":263,\"caption\":\"Aura Bijou\"},\"image\":{\"@id\":\"https:\/\/229.wordpressalk.pl\/#\/schema\/logo\/image\/\"}}]}<\/script>\n<!-- \/ Yoast SEO plugin. -->","yoast_head_json":{"title":"\u201eTiny Moon\u201d \u2013 z\u0142ota lunula ze stali szlachetnej - Aura Bijou","description":"Naszyjnik \u201eTiny Moon\u201d \u2013 z\u0142ota lunula ze stali szlachetnej (40\u201345,5\u202fcm). Subtelny, minimalistyczny talizman, symbol intuicji i kobiecej energii.","robots":{"index":"index","follow":"follow","max-snippet":"max-snippet:-1","max-image-preview":"max-image-preview:large","max-video-preview":"max-video-preview:-1"},"canonical":"https:\/\/229.wordpressalk.pl\/index.php\/produkt\/tiny-moon-zlota-lunula-ze-stali-szlachetnej\/","og_locale":"pl_PL","og_type":"article","og_title":"\u201eTiny Moon\u201d \u2013 z\u0142ota lunula ze stali szlachetnej - Aura Bijou","og_description":"Naszyjnik \u201eTiny Moon\u201d \u2013 z\u0142ota lunula ze stali szlachetnej (40\u201345,5\u202fcm). Subtelny, minimalistyczny talizman, symbol intuicji i kobiecej energii.","og_url":"https:\/\/229.wordpressalk.pl\/index.php\/produkt\/tiny-moon-zlota-lunula-ze-stali-szlachetnej\/","og_site_name":"Aura Bijou","article_modified_time":"2026-04-26T10:03:22+00:00","og_image":[{"width":1798,"height":1200,"url":"https:\/\/229.wordpressalk.pl\/wp-content\/uploads\/2026\/04\/DSC_6413.jpg","type":"image\/jpeg"}],"twitter_card":"summary_large_image","twitter_misc":{"Szacowany czas czytania":"1 minuta"},"schema":{"@context":"https:\/\/schema.org","@graph":[{"@type":"WebPage","@id":"https:\/\/229.wordpressalk.pl\/index.php\/produkt\/tiny-moon-zlota-lunula-ze-stali-szlachetnej\/","url":"https:\/\/229.wordpressalk.pl\/index.php\/produkt\/tiny-moon-zlota-lunula-ze-stali-szlachetnej\/","name":"\u201eTiny Moon\u201d \u2013 z\u0142ota lunula ze stali szlachetnej - Aura Bijou","isPartOf":{"@id":"https:\/\/229.wordpressalk.pl\/#website"},"primaryImageOfPage":{"@id":"https:\/\/229.wordpressalk.pl\/index.php\/produkt\/tiny-moon-zlota-lunula-ze-stali-szlachetnej\/#primaryimage"},"image":{"@id":"https:\/\/229.wordpressalk.pl\/index.php\/produkt\/tiny-moon-zlota-lunula-ze-stali-szlachetnej\/#primaryimage"},"thumbnailUrl":"https:\/\/229.wordpressalk.pl\/wp-content\/uploads\/2026\/04\/DSC_6413.jpg","datePublished":"2026-04-25T10:31:30+00:00","dateModified":"2026-04-26T10:03:22+00:00","description":"Naszyjnik \u201eTiny Moon\u201d \u2013 z\u0142ota lunula ze stali szlachetnej (40\u201345,5\u202fcm). Subtelny, minimalistyczny talizman, symbol intuicji i kobiecej energii.","breadcrumb":{"@id":"https:\/\/229.wordpressalk.pl\/index.php\/produkt\/tiny-moon-zlota-lunula-ze-stali-szlachetnej\/#breadcrumb"},"inLanguage":"pl-PL","potentialAction":[{"@type":"ReadAction","target":["https:\/\/229.wordpressalk.pl\/index.php\/produkt\/tiny-moon-zlota-lunula-ze-stali-szlachetnej\/"]}]},{"@type":"ImageObject","inLanguage":"pl-PL","@id":"https:\/\/229.wordpressalk.pl\/index.php\/produkt\/tiny-moon-zlota-lunula-ze-stali-szlachetnej\/#primaryimage","url":"https:\/\/229.wordpressalk.pl\/wp-content\/uploads\/2026\/04\/DSC_6413.jpg","contentUrl":"https:\/\/229.wordpressalk.pl\/wp-content\/uploads\/2026\/04\/DSC_6413.jpg","width":1798,"height":1200},{"@type":"BreadcrumbList","@id":"https:\/\/229.wordpressalk.pl\/index.php\/produkt\/tiny-moon-zlota-lunula-ze-stali-szlachetnej\/#breadcrumb","itemListElement":[{"@type":"ListItem","position":1,"name":"Strona g\u0142\u00f3wna","item":"https:\/\/229.wordpressalk.pl\/"},{"@type":"ListItem","position":2,"name":"Sklep","item":"https:\/\/229.wordpressalk.pl\/index.php\/sklep\/"},{"@type":"ListItem","position":3,"name":"\u201eTiny Moon\u201d \u2013 z\u0142ota lunula ze stali szlachetnej"}]},{"@type":"WebSite","@id":"https:\/\/229.wordpressalk.pl\/#website","url":"https:\/\/229.wordpressalk.pl\/","name":"Aura Bijou","description":"Tw\u00f3j ulubiony sklep z bi\u017cuteri\u0105","publisher":{"@id":"https:\/\/229.wordpressalk.pl\/#organization"},"potentialAction":[{"@type":"SearchAction","target":{"@type":"EntryPoint","urlTemplate":"https:\/\/229.wordpressalk.pl\/?s={search_term_string}"},"query-input":{"@type":"PropertyValueSpecification","valueRequired":true,"valueName":"search_term_string"}}],"inLanguage":"pl-PL"},{"@type":"Organization","@id":"https:\/\/229.wordpressalk.pl\/#organization","name":"Aura Bijou","url":"https:\/\/229.wordpressalk.pl\/","logo":{"@type":"ImageObject","inLanguage":"pl-PL","@id":"https:\/\/229.wordpressalk.pl\/#\/schema\/logo\/image\/","url":"https:\/\/229.wordpressalk.pl\/wp-content\/uploads\/2026\/04\/cropped-Zrzut-ekranu-2025-01-29-124325.png","contentUrl":"https:\/\/229.wordpressalk.pl\/wp-content\/uploads\/2026\/04\/cropped-Zrzut-ekranu-2025-01-29-124325.png","width":541,"height":263,"caption":"Aura Bijou"},"image":{"@id":"https:\/\/229.wordpressalk.pl\/#\/schema\/logo\/image\/"}}]}},"_links":{"self":[{"href":"https:\/\/229.wordpressalk.pl\/index.php\/wp-json\/wp\/v2\/product\/80","targetHints":{"allow":["GET"]}}],"collection":[{"href":"https:\/\/229.wordpressalk.pl\/index.php\/wp-json\/wp\/v2\/product"}],"about":[{"href":"https:\/\/229.wordpressalk.pl\/index.php\/wp-json\/wp\/v2\/types\/product"}],"replies":[{"embeddable":true,"href":"https:\/\/229.wordpressalk.pl\/index.php\/wp-json\/wp\/v2\/comments?post=80"}],"wp:featuredmedia":[{"embeddable":true,"href":"https:\/\/229.wordpressalk.pl\/index.php\/wp-json\/wp\/v2\/media\/83"}],"wp:attachment":[{"href":"https:\/\/229.wordpressalk.pl\/index.php\/wp-json\/wp\/v2\/media?parent=80"}],"wp:term":[{"taxonomy":"product_brand","embeddable":true,"href":"https:\/\/229.wordpressalk.pl\/index.php\/wp-json\/wp\/v2\/product_brand?post=80"},{"taxonomy":"product_cat","embeddable":true,"href":"https:\/\/229.wordpressalk.pl\/index.php\/wp-json\/wp\/v2\/product_cat?post=80"},{"taxonomy":"product_tag","embeddable":true,"href":"https:\/\/229.wordpressalk.pl\/index.php\/wp-json\/wp\/v2\/product_tag?post=80"}],"curies":[{"name":"wp","href":"https:\/\/api.w.org\/{rel}","templated":true}]}}